{"id":16599,"date":"2025-03-15T06:59:36","date_gmt":"2025-03-15T06:59:36","guid":{"rendered":"https:\/\/masar-alkhair.com\/?post_type=product&#038;p=16599"},"modified":"2025-12-02T18:21:56","modified_gmt":"2025-12-02T18:21:56","slug":"childrens-clothing","status":"publish","type":"product","link":"https:\/\/masar-alkhair.com\/tr\/prodoct\/childrens-clothing\/","title":{"rendered":"\u00c7ocuk giysileri"},"content":{"rendered":"<div class=\"w-full \">\n<div class=\"flex flex-col justify-between px-5 w-full max-w-5xl group mx-auto rounded-lg\">\n<div class=\"\">\n<div id=\"message-3f6074b1-13ae-485c-8ef7-ae55cf080830\" class=\"flex w-full res-message message-3f6074b1-13ae-485c-8ef7-ae55cf080830 relative svelte-1avkofz\">\n<div class=\"w-0 flex-auto\">\n<div class=\"mt-[0.375rem]\">\n<div class=\"chat-assistant markdown-prose w-full min-w-full svelte-1avkofz\" dir=\"auto\">\n<div class=\" \">\n<div id=\"response-content-container\" class=\"relative flex w-full flex-col\">\n<p data-spm-anchor-id=\"a2ty_o01.29997173.0.i0.213fc921MKVJS0\"><a href=\"https:\/\/masar-alkhair.com\/wp-content\/uploads\/2025\/03\/WhatsApp-Image-2025-03-15-at-13.18.17_5daf0a18.jpg\"><img fetchpriority=\"high\" decoding=\"async\" class=\"alignnone size-medium wp-image-16604\" src=\"https:\/\/masar-alkhair.com\/wp-content\/uploads\/2025\/03\/WhatsApp-Image-2025-03-15-at-13.18.17_5daf0a18-300x300.jpg\" alt=\"\u0634\u0627\u0631\u0643 \u0641\u064a \u0631\u0633\u0645 \u0627\u0644\u0628\u0633\u0645\u0629\u060c \u0648\u0627\u062c\u0639\u0644 \u0637\u0641\u0644\u0627\u064b \u0645\u062d\u062a\u0627\u062c\u0627\u064b \u064a\u0639\u064a\u0634 \u0641\u0631\u062d\u0629 \u0627\u0644\u0645\u0646\u0627\u0633\u0628\u0629 \u0628\u0644\u0628\u0627\u0633 \u062c\u062f\u064a\u062f.&quot;\" width=\"300\" height=\"300\" srcset=\"https:\/\/masar-alkhair.com\/wp-content\/uploads\/2025\/03\/WhatsApp-Image-2025-03-15-at-13.18.17_5daf0a18-300x300.jpg 300w, https:\/\/masar-alkhair.com\/wp-content\/uploads\/2025\/03\/WhatsApp-Image-2025-03-15-at-13.18.17_5daf0a18-150x150.jpg 150w, https:\/\/masar-alkhair.com\/wp-content\/uploads\/2025\/03\/WhatsApp-Image-2025-03-15-at-13.18.17_5daf0a18-12x12.jpg 12w, https:\/\/masar-alkhair.com\/wp-content\/uploads\/2025\/03\/WhatsApp-Image-2025-03-15-at-13.18.17_5daf0a18.jpg 500w\" sizes=\"(max-width: 300px) 100vw, 300px\" \/><\/a><\/p>\n<p data-spm-anchor-id=\"a2ty_o01.29997173.0.i0.213fc921MKVJS0\">\u0634\u0627\u0631\u0643 \u0641\u064a \u0631\u0633\u0645 \u0627\u0644\u0628\u0633\u0645\u0629\u060c \u0648\u0627\u062c\u0639\u0644 \u0637\u0641\u0644\u0627\u064b \u0645\u062d\u062a\u0627\u062c\u0627\u064b \u064a\u0639\u064a\u0634 \u0641\u0631\u062d\u0629 \u0627\u0644\u0645\u0646\u0627\u0633\u0628\u0629 \u0628\u0644\u0628\u0627\u0633 \u062c\u062f\u064a\u062f.&#8221;<\/p>\n<\/div>\n<\/div>\n<\/div>\n<\/div>\n<\/div>\n<\/div>\n<\/div>\n<\/div>\n<\/div>\n","protected":false},"excerpt":{"rendered":"<p><strong data-spm-anchor-id=\"a2ty_o01.29997173.0.i2.1397c9210zUBv1\">Hayat\u0131n yo\u011funlu\u011funda, kap\u0131lar\u0131 olmayan evler ve giysisiz bedenler oldu\u011funu unutma.. Onlara yard\u0131m eli uzat!\u201d<\/strong><\/p>","protected":false},"featured_media":16604,"comment_status":"open","ping_status":"closed","template":"elementor_header_footer","meta":[],"product_brand":[],"product_cat":[105],"product_tag":[],"class_list":{"0":"post-16599","1":"product","2":"type-product","3":"status-publish","4":"has-post-thumbnail","6":"product_cat-105","8":"first","9":"instock","10":"shipping-taxable","11":"purchasable","12":"product-type-simple"},"aioseo_notices":[],"jetpack_sharing_enabled":true,"_links":{"self":[{"href":"https:\/\/masar-alkhair.com\/tr\/wp-json\/wp\/v2\/product\/16599","targetHints":{"allow":["GET"]}}],"collection":[{"href":"https:\/\/masar-alkhair.com\/tr\/wp-json\/wp\/v2\/product"}],"about":[{"href":"https:\/\/masar-alkhair.com\/tr\/wp-json\/wp\/v2\/types\/product"}],"replies":[{"embeddable":true,"href":"https:\/\/masar-alkhair.com\/tr\/wp-json\/wp\/v2\/comments?post=16599"}],"version-history":[{"count":4,"href":"https:\/\/masar-alkhair.com\/tr\/wp-json\/wp\/v2\/product\/16599\/revisions"}],"predecessor-version":[{"id":16658,"href":"https:\/\/masar-alkhair.com\/tr\/wp-json\/wp\/v2\/product\/16599\/revisions\/16658"}],"wp:featuredmedia":[{"embeddable":true,"href":"https:\/\/masar-alkhair.com\/tr\/wp-json\/wp\/v2\/media\/16604"}],"wp:attachment":[{"href":"https:\/\/masar-alkhair.com\/tr\/wp-json\/wp\/v2\/media?parent=16599"}],"wp:term":[{"taxonomy":"product_brand","embeddable":true,"href":"https:\/\/masar-alkhair.com\/tr\/wp-json\/wp\/v2\/product_brand?post=16599"},{"taxonomy":"product_cat","embeddable":true,"href":"https:\/\/masar-alkhair.com\/tr\/wp-json\/wp\/v2\/product_cat?post=16599"},{"taxonomy":"product_tag","embeddable":true,"href":"https:\/\/masar-alkhair.com\/tr\/wp-json\/wp\/v2\/product_tag?post=16599"}],"curies":[{"name":"wp","href":"https:\/\/api.w.org\/{rel}","templated":true}]}}