{"id":16524,"date":"2025-03-05T11:18:26","date_gmt":"2025-03-05T11:18:26","guid":{"rendered":"https:\/\/masar-alkhair.com\/?post_type=product&#038;p=16524"},"modified":"2025-12-02T18:20:00","modified_gmt":"2025-12-02T18:20:00","slug":"%d8%ae%d9%8a%d9%85","status":"publish","type":"product","link":"https:\/\/masar-alkhair.com\/tr\/prodoct\/%d8%ae%d9%8a%d9%85\/","title":{"rendered":"\u00c7ad\u0131r"},"content":{"rendered":"<p>&nbsp;<\/p>\n<p>&nbsp;<\/p>","protected":false},"excerpt":{"rendered":"<p>Gazze'deki \u00e7ad\u0131rlar sadece ge\u00e7ici bir s\u0131\u011f\u0131nak de\u011fil, ayn\u0131 zamanda dayan\u0131\u015fma ve direni\u015f ruhunu g\u00fc\u00e7lendiren s\u0131cak evlerdir ve halk\u0131n zorluklar kar\u015f\u0131s\u0131nda g\u00fcvenli\u011fini sa\u011flar.<\/p>\n<p>&nbsp;<\/p>\n<p>&nbsp;<\/p>","protected":false},"featured_media":16651,"comment_status":"open","ping_status":"closed","template":"","meta":[],"product_brand":[],"product_cat":[105],"product_tag":[],"class_list":{"0":"post-16524","1":"product","2":"type-product","3":"status-publish","4":"has-post-thumbnail","6":"product_cat-105","8":"first","9":"instock","10":"shipping-taxable","11":"purchasable","12":"product-type-simple"},"aioseo_notices":[],"jetpack_sharing_enabled":true,"_links":{"self":[{"href":"https:\/\/masar-alkhair.com\/tr\/wp-json\/wp\/v2\/product\/16524","targetHints":{"allow":["GET"]}}],"collection":[{"href":"https:\/\/masar-alkhair.com\/tr\/wp-json\/wp\/v2\/product"}],"about":[{"href":"https:\/\/masar-alkhair.com\/tr\/wp-json\/wp\/v2\/types\/product"}],"replies":[{"embeddable":true,"href":"https:\/\/masar-alkhair.com\/tr\/wp-json\/wp\/v2\/comments?post=16524"}],"version-history":[{"count":7,"href":"https:\/\/masar-alkhair.com\/tr\/wp-json\/wp\/v2\/product\/16524\/revisions"}],"predecessor-version":[{"id":16652,"href":"https:\/\/masar-alkhair.com\/tr\/wp-json\/wp\/v2\/product\/16524\/revisions\/16652"}],"wp:featuredmedia":[{"embeddable":true,"href":"https:\/\/masar-alkhair.com\/tr\/wp-json\/wp\/v2\/media\/16651"}],"wp:attachment":[{"href":"https:\/\/masar-alkhair.com\/tr\/wp-json\/wp\/v2\/media?parent=16524"}],"wp:term":[{"taxonomy":"product_brand","embeddable":true,"href":"https:\/\/masar-alkhair.com\/tr\/wp-json\/wp\/v2\/product_brand?post=16524"},{"taxonomy":"product_cat","embeddable":true,"href":"https:\/\/masar-alkhair.com\/tr\/wp-json\/wp\/v2\/product_cat?post=16524"},{"taxonomy":"product_tag","embeddable":true,"href":"https:\/\/masar-alkhair.com\/tr\/wp-json\/wp\/v2\/product_tag?post=16524"}],"curies":[{"name":"wp","href":"https:\/\/api.w.org\/{rel}","templated":true}]}}