{"id":16409,"date":"2024-11-21T17:34:24","date_gmt":"2024-11-21T17:34:24","guid":{"rendered":"https:\/\/masar-alkhair.com\/?post_type=product&#038;p=16409"},"modified":"2025-07-10T07:05:11","modified_gmt":"2025-07-10T07:05:11","slug":"food-supply-basket","status":"publish","type":"product","link":"https:\/\/masar-alkhair.com\/tr\/prodoct\/food-supply-basket\/","title":{"rendered":"G\u0131da Yard\u0131m Sepeti"},"content":{"rendered":"<p>G\u0131da yard\u0131m sepeti, Gazze'deki ailelere tam g\u0131da deste\u011fi sa\u011flayan en \u00f6nemli giri\u015fimlerden biridir. Bu sepet, pirin\u00e7, \u015feker, ya\u011f ve hurma gibi temel g\u0131da maddelerini i\u00e7erir ve ailelerin tam yemekler haz\u0131rlamalar\u0131na yard\u0131mc\u0131 olur. Bu sepet arac\u0131l\u0131\u011f\u0131yla, bu \u00fcr\u00fcnlere eri\u015fmekte g\u00fc\u00e7l\u00fck \u00e7eken ailelere g\u00fcnl\u00fck ihtiya\u00e7lar\u0131n\u0131 sa\u011fl\u0131yoruz. Bu giri\u015fim, g\u0131da g\u00fcvenli\u011fini sa\u011flamaya ve abluka ve zorlu ko\u015fullardan etkilenen ailelerin \u00fczerindeki g\u00fcnl\u00fck y\u00fck\u00fc hafifletmeye yard\u0131mc\u0131 olur.<\/p>","protected":false},"excerpt":{"rendered":"<p>Ailelerin g\u00fcnl\u00fck zorluklarla ba\u015fa \u00e7\u0131kmalar\u0131na yard\u0131mc\u0131 olacak temel g\u0131da maddeleri i\u00e7eren bir g\u0131da yard\u0131m sepeti, pirin\u00e7, \u015feker, ya\u011f ve di\u011fer temel \u00fcr\u00fcnleri i\u00e7erir.<\/p>","protected":false},"featured_media":16395,"comment_status":"open","ping_status":"closed","template":"","meta":[],"product_brand":[],"product_cat":[105],"product_tag":[],"class_list":{"0":"post-16409","1":"product","2":"type-product","3":"status-publish","4":"has-post-thumbnail","6":"product_cat-105","8":"first","9":"instock","10":"shipping-taxable","11":"purchasable","12":"product-type-simple"},"aioseo_notices":[],"jetpack_sharing_enabled":true,"_links":{"self":[{"href":"https:\/\/masar-alkhair.com\/tr\/wp-json\/wp\/v2\/product\/16409","targetHints":{"allow":["GET"]}}],"collection":[{"href":"https:\/\/masar-alkhair.com\/tr\/wp-json\/wp\/v2\/product"}],"about":[{"href":"https:\/\/masar-alkhair.com\/tr\/wp-json\/wp\/v2\/types\/product"}],"replies":[{"embeddable":true,"href":"https:\/\/masar-alkhair.com\/tr\/wp-json\/wp\/v2\/comments?post=16409"}],"version-history":[{"count":4,"href":"https:\/\/masar-alkhair.com\/tr\/wp-json\/wp\/v2\/product\/16409\/revisions"}],"predecessor-version":[{"id":16453,"href":"https:\/\/masar-alkhair.com\/tr\/wp-json\/wp\/v2\/product\/16409\/revisions\/16453"}],"wp:featuredmedia":[{"embeddable":true,"href":"https:\/\/masar-alkhair.com\/tr\/wp-json\/wp\/v2\/media\/16395"}],"wp:attachment":[{"href":"https:\/\/masar-alkhair.com\/tr\/wp-json\/wp\/v2\/media?parent=16409"}],"wp:term":[{"taxonomy":"product_brand","embeddable":true,"href":"https:\/\/masar-alkhair.com\/tr\/wp-json\/wp\/v2\/product_brand?post=16409"},{"taxonomy":"product_cat","embeddable":true,"href":"https:\/\/masar-alkhair.com\/tr\/wp-json\/wp\/v2\/product_cat?post=16409"},{"taxonomy":"product_tag","embeddable":true,"href":"https:\/\/masar-alkhair.com\/tr\/wp-json\/wp\/v2\/product_tag?post=16409"}],"curies":[{"name":"wp","href":"https:\/\/api.w.org\/{rel}","templated":true}]}}