{"id":16407,"date":"2024-11-21T17:33:45","date_gmt":"2024-11-21T17:33:45","guid":{"rendered":"https:\/\/masar-alkhair.com\/?post_type=product&#038;p=16407"},"modified":"2025-07-10T07:06:50","modified_gmt":"2025-07-10T07:06:50","slug":"water","status":"publish","type":"product","link":"https:\/\/masar-alkhair.com\/tr\/prodoct\/water\/","title":{"rendered":"Su"},"content":{"rendered":"<p>Su, Gazze'deki ailelerin s\u00fcrekli olarak eri\u015fmekte zorland\u0131\u011f\u0131 en temel kaynaklardan biridir. Temiz, saf su sa\u011flayarak, genellikle g\u00fcvenli i\u00e7me suyu temin edemeyen ailelerin ihtiya\u00e7lar\u0131n\u0131 kar\u015f\u0131l\u0131yoruz. Bu giri\u015fim, hayatta kalabilmek i\u00e7in gerekli olan temel bir kayna\u011f\u0131n sa\u011flanmas\u0131n\u0131 garanti eder, \u00e7\u00fcnk\u00fc temiz su sa\u011fl\u0131k \u00fczerinde b\u00fcy\u00fck bir etkiye sahiptir, \u00f6zellikle \u00e7ocuklar ve ya\u015fl\u0131lar i\u00e7in. Verdi\u011finiz destek, bu hayati kayna\u011f\u0131 temin etmekte zorluk \u00e7eken ailelere ula\u015fmam\u0131za yard\u0131mc\u0131 olur.<\/p>","protected":false},"excerpt":{"rendered":"<p>Gazze'deki ailelere temiz ve g\u00fcvenli i\u00e7me suyu sa\u011flamak i\u00e7in hayati bir \u00f6\u011fe olan saf su \u015fi\u015feleri.<\/p>","protected":false},"featured_media":16250,"comment_status":"open","ping_status":"closed","template":"","meta":[],"product_brand":[],"product_cat":[105],"product_tag":[],"class_list":{"0":"post-16407","1":"product","2":"type-product","3":"status-publish","4":"has-post-thumbnail","6":"product_cat-105","8":"first","9":"instock","10":"shipping-taxable","11":"purchasable","12":"product-type-simple"},"aioseo_notices":[],"jetpack_sharing_enabled":true,"_links":{"self":[{"href":"https:\/\/masar-alkhair.com\/tr\/wp-json\/wp\/v2\/product\/16407","targetHints":{"allow":["GET"]}}],"collection":[{"href":"https:\/\/masar-alkhair.com\/tr\/wp-json\/wp\/v2\/product"}],"about":[{"href":"https:\/\/masar-alkhair.com\/tr\/wp-json\/wp\/v2\/types\/product"}],"replies":[{"embeddable":true,"href":"https:\/\/masar-alkhair.com\/tr\/wp-json\/wp\/v2\/comments?post=16407"}],"version-history":[{"count":1,"href":"https:\/\/masar-alkhair.com\/tr\/wp-json\/wp\/v2\/product\/16407\/revisions"}],"predecessor-version":[{"id":16408,"href":"https:\/\/masar-alkhair.com\/tr\/wp-json\/wp\/v2\/product\/16407\/revisions\/16408"}],"wp:featuredmedia":[{"embeddable":true,"href":"https:\/\/masar-alkhair.com\/tr\/wp-json\/wp\/v2\/media\/16250"}],"wp:attachment":[{"href":"https:\/\/masar-alkhair.com\/tr\/wp-json\/wp\/v2\/media?parent=16407"}],"wp:term":[{"taxonomy":"product_brand","embeddable":true,"href":"https:\/\/masar-alkhair.com\/tr\/wp-json\/wp\/v2\/product_brand?post=16407"},{"taxonomy":"product_cat","embeddable":true,"href":"https:\/\/masar-alkhair.com\/tr\/wp-json\/wp\/v2\/product_cat?post=16407"},{"taxonomy":"product_tag","embeddable":true,"href":"https:\/\/masar-alkhair.com\/tr\/wp-json\/wp\/v2\/product_tag?post=16407"}],"curies":[{"name":"wp","href":"https:\/\/api.w.org\/{rel}","templated":true}]}}