{"id":16405,"date":"2024-11-21T17:33:00","date_gmt":"2024-11-21T17:33:00","guid":{"rendered":"https:\/\/masar-alkhair.com\/?post_type=product&#038;p=16405"},"modified":"2025-12-02T18:24:46","modified_gmt":"2025-12-02T18:24:46","slug":"meal","status":"publish","type":"product","link":"https:\/\/masar-alkhair.com\/tr\/prodoct\/meal\/","title":{"rendered":"\u0648\u062c\u0628\u0629 \u063a\u0630\u0627\u0626\u064a\u0629"},"content":{"rendered":"<p>Haz\u0131r yemek, sadece bir yemek de\u011fil; abluka ve g\u00fcnl\u00fck zorluklar nedeniyle tam bir \u00f6\u011f\u00fcn elde etmekte zorlanan aileler i\u00e7in bir rahatl\u0131k ve destek anlam\u0131na gelir. Bu yemek, proteinler, lifler ve gerekli vitaminler i\u00e7eren dengeli bir beslenme sunar. Her ba\u011f\u0131\u015fla, zorlu ko\u015fullar alt\u0131nda hayatta kalabilmek i\u00e7in besleyici yemekler sa\u011fl\u0131yoruz. Bu destekle, acil beslenme ihtiyac\u0131 duyan y\u00fczlerce aileye umut sunuyoruz.<\/p>","protected":false},"excerpt":{"rendered":"<p>Gazze'deki aileler i\u00e7in besleyici ve sa\u011fl\u0131kl\u0131 bir yemek sa\u011flayan haz\u0131r yemek, h\u0131zl\u0131 ve etkili bir \u015fekilde beslenme ihtiya\u00e7lar\u0131n\u0131 kar\u015f\u0131lar.<\/p>","protected":false},"featured_media":16392,"comment_status":"open","ping_status":"closed","template":"","meta":[],"product_brand":[],"product_cat":[105],"product_tag":[],"class_list":{"0":"post-16405","1":"product","2":"type-product","3":"status-publish","4":"has-post-thumbnail","6":"product_cat-105","8":"first","9":"instock","10":"shipping-taxable","11":"purchasable","12":"product-type-simple"},"aioseo_notices":[],"jetpack_sharing_enabled":true,"_links":{"self":[{"href":"https:\/\/masar-alkhair.com\/tr\/wp-json\/wp\/v2\/product\/16405","targetHints":{"allow":["GET"]}}],"collection":[{"href":"https:\/\/masar-alkhair.com\/tr\/wp-json\/wp\/v2\/product"}],"about":[{"href":"https:\/\/masar-alkhair.com\/tr\/wp-json\/wp\/v2\/types\/product"}],"replies":[{"embeddable":true,"href":"https:\/\/masar-alkhair.com\/tr\/wp-json\/wp\/v2\/comments?post=16405"}],"version-history":[{"count":4,"href":"https:\/\/masar-alkhair.com\/tr\/wp-json\/wp\/v2\/product\/16405\/revisions"}],"predecessor-version":[{"id":16842,"href":"https:\/\/masar-alkhair.com\/tr\/wp-json\/wp\/v2\/product\/16405\/revisions\/16842"}],"wp:featuredmedia":[{"embeddable":true,"href":"https:\/\/masar-alkhair.com\/tr\/wp-json\/wp\/v2\/media\/16392"}],"wp:attachment":[{"href":"https:\/\/masar-alkhair.com\/tr\/wp-json\/wp\/v2\/media?parent=16405"}],"wp:term":[{"taxonomy":"product_brand","embeddable":true,"href":"https:\/\/masar-alkhair.com\/tr\/wp-json\/wp\/v2\/product_brand?post=16405"},{"taxonomy":"product_cat","embeddable":true,"href":"https:\/\/masar-alkhair.com\/tr\/wp-json\/wp\/v2\/product_cat?post=16405"},{"taxonomy":"product_tag","embeddable":true,"href":"https:\/\/masar-alkhair.com\/tr\/wp-json\/wp\/v2\/product_tag?post=16405"}],"curies":[{"name":"wp","href":"https:\/\/api.w.org\/{rel}","templated":true}]}}