{"id":16403,"date":"2024-11-21T17:31:43","date_gmt":"2024-11-21T17:31:43","guid":{"rendered":"https:\/\/masar-alkhair.com\/?post_type=product&#038;p=16403"},"modified":"2025-12-02T18:25:27","modified_gmt":"2025-12-02T18:25:27","slug":"vegetable-basket","status":"publish","type":"product","link":"https:\/\/masar-alkhair.com\/tr\/prodoct\/vegetable-basket\/","title":{"rendered":"Sebze sepeti N\/A"},"content":{"rendered":"<p>Gazze halk\u0131n\u0131n kar\u015f\u0131la\u015ft\u0131\u011f\u0131 zorlu ko\u015fullar alt\u0131nda taze sebzelere eri\u015fim b\u00fcy\u00fck bir zorluktur. Sunmu\u015f oldu\u011fumuz sebze sepeti arac\u0131l\u0131\u011f\u0131yla, sa\u011fl\u0131k i\u00e7in gerekli olan temel vitaminler ve minerallerle dolu taze, besleyici sebzeler sa\u011fl\u0131yoruz. Bu sepet, ailelerin dengeli ve sa\u011fl\u0131kl\u0131 yemekler haz\u0131rlamalar\u0131na yard\u0131mc\u0131 olur, sa\u011fl\u0131klar\u0131n\u0131 iyile\u015ftirir ve g\u00fcnl\u00fck zorluklar i\u00e7inde onlara umut verir. Bu giri\u015fime verece\u011finiz destek, ihtiya\u00e7 sahibi aileler i\u00e7in ya\u015fam kalitesini ve sa\u011fl\u0131klar\u0131n\u0131 iyile\u015ftirmeye katk\u0131 sa\u011flar.<\/p>","protected":false},"excerpt":{"rendered":"<p>Ailelerin sa\u011fl\u0131klar\u0131n\u0131 iyile\u015ftirmelerine ve temel beslenme ihtiya\u00e7lar\u0131n\u0131 kar\u015f\u0131lamalar\u0131na yard\u0131mc\u0131 olmak i\u00e7in taze sebzelerle dolu \u00e7e\u015fitlilik i\u00e7eren bir sebze sepeti.<\/p>","protected":false},"featured_media":16398,"comment_status":"open","ping_status":"closed","template":"","meta":[],"product_brand":[],"product_cat":[105],"product_tag":[],"class_list":{"0":"post-16403","1":"product","2":"type-product","3":"status-publish","4":"has-post-thumbnail","6":"product_cat-105","8":"first","9":"instock","10":"shipping-taxable","11":"purchasable","12":"product-type-simple"},"aioseo_notices":[],"jetpack_sharing_enabled":true,"_links":{"self":[{"href":"https:\/\/masar-alkhair.com\/tr\/wp-json\/wp\/v2\/product\/16403","targetHints":{"allow":["GET"]}}],"collection":[{"href":"https:\/\/masar-alkhair.com\/tr\/wp-json\/wp\/v2\/product"}],"about":[{"href":"https:\/\/masar-alkhair.com\/tr\/wp-json\/wp\/v2\/types\/product"}],"replies":[{"embeddable":true,"href":"https:\/\/masar-alkhair.com\/tr\/wp-json\/wp\/v2\/comments?post=16403"}],"version-history":[{"count":2,"href":"https:\/\/masar-alkhair.com\/tr\/wp-json\/wp\/v2\/product\/16403\/revisions"}],"predecessor-version":[{"id":16522,"href":"https:\/\/masar-alkhair.com\/tr\/wp-json\/wp\/v2\/product\/16403\/revisions\/16522"}],"wp:featuredmedia":[{"embeddable":true,"href":"https:\/\/masar-alkhair.com\/tr\/wp-json\/wp\/v2\/media\/16398"}],"wp:attachment":[{"href":"https:\/\/masar-alkhair.com\/tr\/wp-json\/wp\/v2\/media?parent=16403"}],"wp:term":[{"taxonomy":"product_brand","embeddable":true,"href":"https:\/\/masar-alkhair.com\/tr\/wp-json\/wp\/v2\/product_brand?post=16403"},{"taxonomy":"product_cat","embeddable":true,"href":"https:\/\/masar-alkhair.com\/tr\/wp-json\/wp\/v2\/product_cat?post=16403"},{"taxonomy":"product_tag","embeddable":true,"href":"https:\/\/masar-alkhair.com\/tr\/wp-json\/wp\/v2\/product_tag?post=16403"}],"curies":[{"name":"wp","href":"https:\/\/api.w.org\/{rel}","templated":true}]}}