{"id":16391,"date":"2024-11-21T17:31:08","date_gmt":"2024-11-21T17:31:08","guid":{"rendered":"https:\/\/masar-alkhair.com\/?post_type=product&#038;p=16391"},"modified":"2025-07-10T07:07:31","modified_gmt":"2025-07-10T07:07:31","slug":"loaf-of-bread","status":"publish","type":"product","link":"https:\/\/masar-alkhair.com\/tr\/prodoct\/loaf-of-bread\/","title":{"rendered":"Ekmek po\u015feti"},"content":{"rendered":"<p>Ekmek, g\u00fcnl\u00fck diyetlerin temel bir par\u00e7as\u0131d\u0131r ve Gazze'deki bir\u00e7ok aile, zorlu ko\u015fullar nedeniyle buna eri\u015fmekte g\u00fc\u00e7l\u00fck \u00e7ekmektedir. Bu giri\u015fim arac\u0131l\u0131\u011f\u0131yla, her evin ihtiya\u00e7 duydu\u011fu temel besinleri i\u00e7eren taze ekmek somunlar\u0131 sa\u011fl\u0131yoruz. Bu ekmek, Gazze'deki aileler i\u00e7in temel bir g\u0131da maddesinin temin edilmesine katk\u0131 sa\u011flar, g\u00fcnl\u00fck zorluklarla ba\u015fa \u00e7\u0131kmalar\u0131na yard\u0131mc\u0131 olur ve onlara bir istikrar ve umut duygusu verir. Bu y\u00f6ndeki her ba\u011f\u0131\u015f, bu zor zamanlarda pek \u00e7ok insan\u0131n s\u0131k\u0131nt\u0131s\u0131n\u0131 hafifletmeye yard\u0131mc\u0131 olur.<\/p>","protected":false},"excerpt":{"rendered":"<p>\"Masar Al-Kheir\", Gazze'deki ailelerin g\u00fcnl\u00fck ihtiya\u00e7lar\u0131n\u0131 kar\u015f\u0131lamak i\u00e7in taze ve lezzetli ekmek somunlar\u0131 sunar, b\u00f6ylece temel besin gereksinimlerini sa\u011flar.<\/p>","protected":false},"featured_media":16252,"comment_status":"open","ping_status":"closed","template":"","meta":[],"product_brand":[],"product_cat":[105],"product_tag":[],"class_list":{"0":"post-16391","1":"product","2":"type-product","3":"status-publish","4":"has-post-thumbnail","6":"product_cat-105","8":"first","9":"instock","10":"shipping-taxable","11":"purchasable","12":"product-type-simple"},"aioseo_notices":[],"jetpack_sharing_enabled":true,"_links":{"self":[{"href":"https:\/\/masar-alkhair.com\/tr\/wp-json\/wp\/v2\/product\/16391","targetHints":{"allow":["GET"]}}],"collection":[{"href":"https:\/\/masar-alkhair.com\/tr\/wp-json\/wp\/v2\/product"}],"about":[{"href":"https:\/\/masar-alkhair.com\/tr\/wp-json\/wp\/v2\/types\/product"}],"replies":[{"embeddable":true,"href":"https:\/\/masar-alkhair.com\/tr\/wp-json\/wp\/v2\/comments?post=16391"}],"version-history":[{"count":2,"href":"https:\/\/masar-alkhair.com\/tr\/wp-json\/wp\/v2\/product\/16391\/revisions"}],"predecessor-version":[{"id":16659,"href":"https:\/\/masar-alkhair.com\/tr\/wp-json\/wp\/v2\/product\/16391\/revisions\/16659"}],"wp:featuredmedia":[{"embeddable":true,"href":"https:\/\/masar-alkhair.com\/tr\/wp-json\/wp\/v2\/media\/16252"}],"wp:attachment":[{"href":"https:\/\/masar-alkhair.com\/tr\/wp-json\/wp\/v2\/media?parent=16391"}],"wp:term":[{"taxonomy":"product_brand","embeddable":true,"href":"https:\/\/masar-alkhair.com\/tr\/wp-json\/wp\/v2\/product_brand?post=16391"},{"taxonomy":"product_cat","embeddable":true,"href":"https:\/\/masar-alkhair.com\/tr\/wp-json\/wp\/v2\/product_cat?post=16391"},{"taxonomy":"product_tag","embeddable":true,"href":"https:\/\/masar-alkhair.com\/tr\/wp-json\/wp\/v2\/product_tag?post=16391"}],"curies":[{"name":"wp","href":"https:\/\/api.w.org\/{rel}","templated":true}]}}