{"id":4400,"date":"2021-10-12T15:51:09","date_gmt":"2021-10-12T15:51:09","guid":{"rendered":"http:\/\/dummy.xtemos.com\/woodmart2\/elementor\/?page_id=4400"},"modified":"2025-08-30T16:37:42","modified_gmt":"2025-08-30T16:37:42","slug":"about-us-3","status":"publish","type":"page","link":"https:\/\/masar-alkhair.com\/tr\/about-us-3\/","title":{"rendered":"Hakk\u0131m\u0131zda"},"content":{"rendered":"<div data-elementor-type=\"wp-page\" data-elementor-id=\"4400\" class=\"elementor elementor-4400\" data-elementor-post-type=\"page\">\n\t\t\t\t<div class=\"wd-negative-gap elementor-element elementor-element-7c7c544 e-flex e-con-boxed e-con e-parent\" data-id=\"7c7c544\" data-element_type=\"container\" data-e-type=\"container\">\n\t\t\t\t\t<div class=\"e-con-inner\">\n\t\t<div class=\"elementor-element elementor-element-e7cb5cd e-con-full e-flex e-con e-child\" data-id=\"e7cb5cd\" data-element_type=\"container\" data-e-type=\"container\">\n\t\t\t\t<div class=\"elementor-element elementor-element-56aec39 elementor-widget elementor-widget-wd_image_or_svg\" data-id=\"56aec39\" data-element_type=\"widget\" data-e-type=\"widget\" data-widget_type=\"wd_image_or_svg.default\">\n\t\t\t\t<div class=\"elementor-widget-container\">\n\t\t\t\t\t\n\t\t<div class=\"wd-image text-center\">\n\t\t\t\t\t\t\t\t<img fetchpriority=\"high\" decoding=\"async\" width=\"800\" height=\"800\" src=\"https:\/\/masar-alkhair.com\/wp-content\/uploads\/2025\/04\/WhatsApp-Image-2025-04-27-at-15.30.52_1b71169b.jpg\" class=\"attachment-large size-large\" alt=\"masar alkhair\" srcset=\"https:\/\/masar-alkhair.com\/wp-content\/uploads\/2025\/04\/WhatsApp-Image-2025-04-27-at-15.30.52_1b71169b.jpg 300w, https:\/\/masar-alkhair.com\/wp-content\/uploads\/2025\/04\/WhatsApp-Image-2025-04-27-at-15.30.52_1b71169b-150x150.jpg 150w, https:\/\/masar-alkhair.com\/wp-content\/uploads\/2025\/04\/WhatsApp-Image-2025-04-27-at-15.30.52_1b71169b-12x12.jpg 12w\" sizes=\"(max-width: 800px) 100vw, 800px\" \/>\t\t\t\t\t<\/div>\n\n\t\t\t\t\t\t<\/div>\n\t\t\t\t<\/div>\n\t\t\t\t<\/div>\n\t\t<div class=\"elementor-element elementor-element-97d6084 e-con-full e-flex e-con e-child\" data-id=\"97d6084\" data-element_type=\"container\" data-e-type=\"container\">\n\t\t\t\t<div class=\"elementor-element elementor-element-98d830b elementor-widget__width-initial wd-width-100 elementor-widget elementor-widget-wd_title\" data-id=\"98d830b\" data-element_type=\"widget\" data-e-type=\"widget\" data-widget_type=\"wd_title.default\">\n\t\t\t\t<div class=\"elementor-widget-container\">\n\t\t\t\t\t\t\t<div class=\"title-wrapper set-mb-s reset-last-child wd-title-color-primary wd-title-style-underlined-2 wd-title-size-large text-center\">\n\n\t\t\t\n\t\t\t<div class=\"liner-continer\">\n\t\t\t\t<h4 class=\"woodmart-title-container title wd-fontsize-xxl\">Hakk\u0131m\u0131zda<\/h4> \n\t\t\t\t\t\t\t<\/div>\n\n\t\t\t\t\t<\/div>\n\t\t\t\t\t\t<\/div>\n\t\t\t\t<\/div>\n\t\t\t\t<div class=\"elementor-element elementor-element-66e47ad elementor-widget elementor-widget-wd_text_block\" data-id=\"66e47ad\" data-element_type=\"widget\" data-e-type=\"widget\" data-widget_type=\"wd_text_block.default\">\n\t\t\t\t<div class=\"elementor-widget-container\">\n\t\t\t\t\t\t\t<div class=\"wd-text-block reset-last-child text-right\">\n\t\t\t\n\t\t\t<p class=\"has-medium-font-size\"><strong>\u0130yilik Yolu... \u00c7\u00fcnk\u00fc vermek bir mesajd\u0131r.<\/strong><\/p>\n<p><!-- \/wp:paragraph --><!-- wp:paragraph --><\/p>\n<p><strong>\u0645\u0633\u0627\u0631 <\/strong><strong>\u0627<\/strong><strong>\u0644\u062e\u064a\u0631<\/strong>\u00a0Bu, zor zamanlarda Gazze'deki halk\u0131m\u0131za destek olma konusundaki derin inanc\u0131m\u0131zdan do\u011fan bir insani projedir. Filistinli aileler i\u00e7in g\u0131da ve su gibi temel ihtiya\u00e7lar\u0131 sa\u011flamak \u00fczere onur ve haysiyetle hayatlar\u0131n\u0131 s\u00fcrd\u00fcrmelerini garantilemek ad\u0131na b\u00fcy\u00fck bir \u00f6zveriyle \u00e7al\u0131\u015f\u0131yoruz.<\/p>\n<p><!-- \/wp:paragraph --><!-- wp:paragraph {\"fontSize\":\"medium\"} --><\/p>\n<p class=\"has-medium-font-size\"><strong>Vizyonumuz<\/strong><\/p>\n<p><!-- \/wp:paragraph --><!-- wp:paragraph --><\/p>\n<p>\"Gazze Ku\u015fa\u011f\u0131'na kapsaml\u0131 insani destek sunmakta \u00f6nc\u00fc bir referans olma hedefiyle hareket ediyor, Arap ve uluslararas\u0131 d\u00fczeyde dayan\u0131\u015fma ve i\u015f birli\u011fi de\u011ferlerini g\u00fc\u00e7lendiriyoruz.\"<\/p>\n<p><!-- \/wp:paragraph --><!-- wp:paragraph {\"fontSize\":\"medium\"} --><\/p>\n<p class=\"has-medium-font-size\"><strong>Misyonumuz<\/strong><\/p>\n<p><!-- \/wp:paragraph --><!-- wp:paragraph --><\/p>\n<p>Tam ve g\u00fcvenli bir lojistik altyap\u0131 arac\u0131l\u0131\u011f\u0131yla etkilenen ailelere g\u0131da yard\u0131m\u0131 ve temiz su sa\u011flamak, ayn\u0131 zamanda yard\u0131m\u0131n hedeflenen gruplara m\u00fcmk\u00fcn olan en y\u00fcksek h\u0131zda, en \u00fcst d\u00fczeyde kalite ve \u015feffafl\u0131kla ula\u015ft\u0131r\u0131lmas\u0131n\u0131 garantilemek.<\/p>\n<p><!-- \/wp:paragraph --><!-- wp:paragraph {\"fontSize\":\"medium\"} --><\/p>\n<p class=\"has-medium-font-size\"><strong>De\u011ferlerimiz<\/strong><\/p>\n<p><!-- \/wp:paragraph --><!-- wp:paragraph {\"fontSize\":\"small\"} --><\/p>\n<p class=\"has-small-font-size\">Dayan\u0131\u015fma: Kolektif eylemin, s\u00fcrd\u00fcr\u00fclebilir kalk\u0131nmay\u0131 sa\u011flamak ve olumlu de\u011fi\u015fimi te\u015fvik etmek i\u00e7in temel bir dayanak oldu\u011funa inan\u0131yoruz.<br \/>\u2022 \u015eeffafl\u0131k: Denetlenmi\u015f ve hesap verebilir belgeler arac\u0131l\u0131\u011f\u0131yla net yard\u0131m da\u011f\u0131t\u0131m yollar\u0131 ile t\u00fcm prosed\u00fcrlerde ayr\u0131nt\u0131l\u0131 raporlama ve mutlak \u015feffafl\u0131k sa\u011flamay\u0131 taahh\u00fct ediyoruz<br \/>Sorumluluk: T\u00fcm operasyonlar\u0131m\u0131zda, uluslararas\u0131 g\u00fcvenlik ve d\u00fcr\u00fcstl\u00fck standartlar\u0131na tam uyum i\u00e7inde, en y\u00fcksek iyi y\u00f6neti\u015fim ve etik uygulama standartlar\u0131n\u0131 uygulamaya kararl\u0131y\u0131z.<br \/>Umut: Ne kadar b\u00fcy\u00fck olursa olsun, her \u00e7aban\u0131n daha g\u00fc\u00e7l\u00fc toplumlar in\u015fa etmeye ve daha parlak bir gelece\u011fe do\u011fru dayan\u0131kl\u0131l\u0131klar\u0131n\u0131 g\u00fc\u00e7lendirmeye katk\u0131da bulundu\u011funa dair sars\u0131lmaz bir inan\u00e7la \u00e7al\u0131\u015f\u0131yoruz.<\/p>\n<p><!-- \/wp:paragraph --><!-- wp:paragraph {\"fontSize\":\"medium\"} --><\/p>\n<p class=\"has-medium-font-size\"><strong>Umut: Ne kadar b\u00fcy\u00fck olursa olsun, her \u00e7aban\u0131n daha g\u00fc\u00e7l\u00fc toplumlar in\u015fa etmeye ve daha parlak bir gelece\u011fe do\u011fru dayan\u0131kl\u0131l\u0131klar\u0131n\u0131 g\u00fc\u00e7lendirmeye katk\u0131da bulundu\u011funa dair sars\u0131lmaz bir inan\u00e7la \u00e7al\u0131\u015f\u0131yoruz.<\/strong><\/p>\n<p><!-- \/wp:paragraph --><!-- wp:paragraph --><\/p>\n<p>ha\u00e7 <strong>masar alkhair<\/strong>Herkese ba\u011f\u0131\u015f yolculu\u011funun bir par\u00e7as\u0131 olma f\u0131rsat\u0131 veriyoruz. D\u00fcnyan\u0131n d\u00f6rt bir yan\u0131ndan ba\u011f\u0131\u015f topluyoruz ve yard\u0131m\u0131n s\u0131n\u0131r ge\u00e7i\u015fleri yoluyla etkili bir \u015fekilde teslim edilmesini ve ihtiyac\u0131 olan ailelere g\u00fcvenli ve h\u0131zl\u0131 bir \u015fekilde ula\u015fmas\u0131n\u0131 sa\u011flamak i\u00e7in akredite kurulu\u015flarla koordineli olarak \u00e7al\u0131\u015f\u0131yoruz.<\/p>\n<p><!-- \/wp:paragraph --><!-- wp:paragraph {\"fontSize\":\"medium\"} --><\/p>\n<p class=\"has-medium-font-size\"><strong>Ortakl\u0131klar\u0131m\u0131z<\/strong><\/p>\n<p><!-- \/wp:paragraph --><!-- wp:paragraph --><\/p>\n<p>Yerel ve uluslararas\u0131 kurulu\u015flar ve \u015firketlerle i\u015fbirli\u011fi yap\u0131yoruz ve yard\u0131m\u0131n m\u00fcmk\u00fcn oldu\u011funca \u00e7ok say\u0131da ihtiya\u00e7 sahibine ula\u015fmas\u0131n\u0131 sa\u011flamak i\u00e7in bir g\u00f6n\u00fcll\u00fcler ve destek\u00e7iler a\u011f\u0131 olu\u015fturmak i\u00e7in \u00e7al\u0131\u015f\u0131yoruz.<\/p>\n<p><!-- \/wp:paragraph --><!-- wp:paragraph {\"fontSize\":\"medium\"} --><\/p>\n<p class=\"has-medium-font-size\"><strong>\u0130yilik yolunun bir par\u00e7as\u0131 olun<\/strong><\/p>\n<p><!-- \/wp:paragraph --><!-- wp:paragraph --><\/p>\n<p>i\u00e7inde <strong>masar alkhair<\/strong>Herkesin de\u011fi\u015fimin bir par\u00e7as\u0131 olabilece\u011fine inan\u0131yoruz. Katk\u0131n\u0131z, her ne olursa olsun, s\u0131cak bir yemek veya hayat kurtaran bir doz su anlam\u0131na gelebilir. Bu insani yolculukta bize kat\u0131l\u0131n ve Gazze'deki halk\u0131m\u0131za daha fazla umut ve onur kazand\u0131rmaya yard\u0131mc\u0131 olun.<\/p>\n<p><!-- \/wp:paragraph --><!-- wp:paragraph --><\/p>\n<p>\u00a0<\/p>\n<p><!-- \/wp:paragraph --><\/p>\n\t\t\t\t\t<\/div>\n\t\t\t\t\t\t<\/div>\n\t\t\t\t<\/div>\n\t\t\t\t<div class=\"elementor-element elementor-element-f1eb4fc elementor-align-center elementor-widget elementor-widget-button\" data-id=\"f1eb4fc\" data-element_type=\"widget\" data-e-type=\"widget\" data-widget_type=\"button.default\">\n\t\t\t\t<div class=\"elementor-widget-container\">\n\t\t\t\t\t\t\t\t\t<div class=\"elementor-button-wrapper\">\n\t\t\t\t\t<a class=\"elementor-button elementor-button-link elementor-size-sm\" href=\"\/about-us-3\/\">\n\t\t\t\t\t\t<span class=\"elementor-button-content-wrapper\">\n\t\t\t\t\t\t\t\t\t<span class=\"elementor-button-text\">\u0627\u0642\u0631\u0623 \u0627\u0644\u0645\u0632\u064a\u062f \u2190<\/span>\n\t\t\t\t\t<\/span>\n\t\t\t\t\t<\/a>\n\t\t\t\t<\/div>\n\t\t\t\t\t\t\t\t<\/div>\n\t\t\t\t<\/div>\n\t\t\t\t<div class=\"elementor-element elementor-element-ef6e88e elementor-widget elementor-widget-wd_text_block\" data-id=\"ef6e88e\" data-element_type=\"widget\" data-e-type=\"widget\" data-widget_type=\"wd_text_block.default\">\n\t\t\t\t<div class=\"elementor-widget-container\">\n\t\t\t\t\t\t\t<div class=\"wd-text-block reset-last-child text-left\">\n\t\t\t\n\t\t\t<p><!-- wp:paragraph {\"fontSize\":\"medium\"} --><\/p>\n<p class=\"has-medium-font-size\"><strong>\u0130yilik Yolu... \u00c7\u00fcnk\u00fc vermek bir mesajd\u0131r.<\/strong><\/p>\n<p><!-- \/wp:paragraph --><!-- wp:paragraph --><\/p>\n<p><strong>\u0130yilik Yolu<\/strong> Bu, zor zamanlarda Gazze'deki halk\u0131m\u0131za destek olma konusundaki derin inanc\u0131m\u0131zdan do\u011fan bir insani projedir. Filistinli aileler i\u00e7in g\u0131da ve su gibi temel ihtiya\u00e7lar\u0131 sa\u011flamak \u00fczere onur ve haysiyetle hayatlar\u0131n\u0131 s\u00fcrd\u00fcrmelerini garantilemek ad\u0131na b\u00fcy\u00fck bir \u00f6zveriyle \u00e7al\u0131\u015f\u0131yoruz.<\/p>\n<p><!-- \/wp:paragraph --><!-- wp:paragraph {\"fontSize\":\"medium\"} --><\/p>\n<p class=\"has-medium-font-size\"><strong>Vizyonumuz<\/strong><\/p>\n<p><!-- \/wp:paragraph --><!-- wp:paragraph --><\/p>\n<p>\"Gazze Ku\u015fa\u011f\u0131'na kapsaml\u0131 insani destek sunmakta \u00f6nc\u00fc bir referans olma hedefiyle hareket ediyor, Arap ve uluslararas\u0131 d\u00fczeyde dayan\u0131\u015fma ve i\u015f birli\u011fi de\u011ferlerini g\u00fc\u00e7lendiriyoruz.\"<\/p>\n<p><!-- \/wp:paragraph --><!-- wp:paragraph {\"fontSize\":\"medium\"} --><\/p>\n<p class=\"has-medium-font-size\"><strong>Misyonumuz<\/strong><\/p>\n<p><!-- \/wp:paragraph --><!-- wp:paragraph --><\/p>\n<p>Tam ve g\u00fcvenli bir lojistik altyap\u0131 arac\u0131l\u0131\u011f\u0131yla etkilenen ailelere g\u0131da yard\u0131m\u0131 ve temiz su sa\u011flamak, ayn\u0131 zamanda yard\u0131m\u0131n hedeflenen gruplara m\u00fcmk\u00fcn olan en y\u00fcksek h\u0131zda, en \u00fcst d\u00fczeyde kalite ve \u015feffafl\u0131kla ula\u015ft\u0131r\u0131lmas\u0131n\u0131 garantilemek.<\/p>\n<p><!-- \/wp:paragraph --><!-- wp:paragraph {\"fontSize\":\"medium\"} --><\/p>\n<p class=\"has-medium-font-size\"><strong>De\u011ferlerimiz<\/strong><\/p>\n<p><!-- \/wp:paragraph --><!-- wp:paragraph {\"fontSize\":\"small\"} --><\/p>\n<p class=\"has-small-font-size\">Dayan\u0131\u015fma: Kolektif eylemin, s\u00fcrd\u00fcr\u00fclebilir kalk\u0131nmay\u0131 sa\u011flamak ve olumlu de\u011fi\u015fimi te\u015fvik etmek i\u00e7in temel bir dayanak oldu\u011funa inan\u0131yoruz.<br \/>\u2022 \u015eeffafl\u0131k: Denetlenmi\u015f ve hesap verebilir belgeler arac\u0131l\u0131\u011f\u0131yla net yard\u0131m da\u011f\u0131t\u0131m yollar\u0131 ile t\u00fcm prosed\u00fcrlerde ayr\u0131nt\u0131l\u0131 raporlama ve mutlak \u015feffafl\u0131k sa\u011flamay\u0131 taahh\u00fct ediyoruz<br \/>Sorumluluk: T\u00fcm operasyonlar\u0131m\u0131zda, uluslararas\u0131 g\u00fcvenlik ve d\u00fcr\u00fcstl\u00fck standartlar\u0131na tam uyum i\u00e7inde, en y\u00fcksek iyi y\u00f6neti\u015fim ve etik uygulama standartlar\u0131n\u0131 uygulamaya kararl\u0131y\u0131z.<br \/>Umut: Ne kadar b\u00fcy\u00fck olursa olsun, her \u00e7aban\u0131n daha g\u00fc\u00e7l\u00fc toplumlar in\u015fa etmeye ve daha parlak bir gelece\u011fe do\u011fru dayan\u0131kl\u0131l\u0131klar\u0131n\u0131 g\u00fc\u00e7lendirmeye katk\u0131da bulundu\u011funa dair sars\u0131lmaz bir inan\u00e7la \u00e7al\u0131\u015f\u0131yoruz.<\/p>\n<p><!-- \/wp:paragraph --><!-- wp:paragraph {\"fontSize\":\"medium\"} --><\/p>\n<p class=\"has-medium-font-size\"><strong>Umut: Ne kadar b\u00fcy\u00fck olursa olsun, her \u00e7aban\u0131n daha g\u00fc\u00e7l\u00fc toplumlar in\u015fa etmeye ve daha parlak bir gelece\u011fe do\u011fru dayan\u0131kl\u0131l\u0131klar\u0131n\u0131 g\u00fc\u00e7lendirmeye katk\u0131da bulundu\u011funa dair sars\u0131lmaz bir inan\u00e7la \u00e7al\u0131\u015f\u0131yoruz.<\/strong><\/p>\n<p><!-- \/wp:paragraph --><!-- wp:paragraph --><\/p>\n<p>ha\u00e7 <strong>masar alkhair<\/strong>Herkese ba\u011f\u0131\u015f yolculu\u011funun bir par\u00e7as\u0131 olma f\u0131rsat\u0131 veriyoruz. D\u00fcnyan\u0131n d\u00f6rt bir yan\u0131ndan ba\u011f\u0131\u015f topluyoruz ve yard\u0131m\u0131n s\u0131n\u0131r ge\u00e7i\u015fleri yoluyla etkili bir \u015fekilde teslim edilmesini ve ihtiyac\u0131 olan ailelere g\u00fcvenli ve h\u0131zl\u0131 bir \u015fekilde ula\u015fmas\u0131n\u0131 sa\u011flamak i\u00e7in akredite kurulu\u015flarla koordineli olarak \u00e7al\u0131\u015f\u0131yoruz.<\/p>\n<p><!-- \/wp:paragraph --><!-- wp:paragraph {\"fontSize\":\"medium\"} --><\/p>\n<p class=\"has-medium-font-size\"><strong>Ortakl\u0131klar\u0131m\u0131z<\/strong><\/p>\n<p><!-- \/wp:paragraph --><!-- wp:paragraph --><\/p>\n<p>Yerel ve uluslararas\u0131 kurulu\u015flar ve \u015firketlerle i\u015fbirli\u011fi yap\u0131yoruz ve yard\u0131m\u0131n m\u00fcmk\u00fcn oldu\u011funca \u00e7ok say\u0131da ihtiya\u00e7 sahibine ula\u015fmas\u0131n\u0131 sa\u011flamak i\u00e7in bir g\u00f6n\u00fcll\u00fcler ve destek\u00e7iler a\u011f\u0131 olu\u015fturmak i\u00e7in \u00e7al\u0131\u015f\u0131yoruz.<\/p>\n<p><!-- \/wp:paragraph --><!-- wp:paragraph {\"fontSize\":\"medium\"} --><\/p>\n<p class=\"has-medium-font-size\"><strong>\u0130yilik yolunun bir par\u00e7as\u0131 olun<\/strong><\/p>\n<p><!-- \/wp:paragraph --><!-- wp:paragraph --><\/p>\n<p>i\u00e7inde <strong>masar alkhair<\/strong>Herkesin de\u011fi\u015fimin bir par\u00e7as\u0131 olabilece\u011fine inan\u0131yoruz. Katk\u0131n\u0131z, her ne olursa olsun, s\u0131cak bir yemek veya hayat kurtaran bir doz su anlam\u0131na gelebilir. Bu insani yolculukta bize kat\u0131l\u0131n ve Gazze'deki halk\u0131m\u0131za daha fazla umut ve onur kazand\u0131rmaya yard\u0131mc\u0131 olun.<\/p>\n<p><!-- \/wp:paragraph --><!-- wp:paragraph --><\/p>\n<p>\u00a0<\/p>\n<p><!-- \/wp:paragraph --><\/p>\n\t\t\t\t\t<\/div>\n\t\t\t\t\t\t<\/div>\n\t\t\t\t<\/div>\n\t\t<div class=\"elementor-element elementor-element-3eef7d8 e-con-full e-flex e-con e-child\" data-id=\"3eef7d8\" data-element_type=\"container\" data-e-type=\"container\">\n\t\t\t\t<div class=\"elementor-element elementor-element-ee232e9 elementor-widget__width-auto elementor-hidden-phone elementor-widget elementor-widget-wd_social_buttons\" data-id=\"ee232e9\" data-element_type=\"widget\" data-e-type=\"widget\" data-widget_type=\"wd_social_buttons.default\">\n\t\t\t\t<div class=\"elementor-widget-container\">\n\t\t\t\t\t\n\t\t\t<div class=\"wd-social-icons icons-design-colored-alt icons-size-small color-scheme-dark social-follow social-form-circle text-center\">\n\n\t\t\t\t\n\t\t\t\t\t\t\t\t\t<a rel=\"noopener noreferrer nofollow\" href=\"https:\/\/www.facebook.com\/share\/iwhDAoyMQ4jwJDdz\/\" target=\"_blank\" class=\"wd-social-icon social-facebook\" aria-label=\"Facebook social link\">\n\t\t\t\t\t\t<span class=\"wd-icon\"><\/span>\n\t\t\t\t\t\t\t\t\t\t\t<\/a>\n\t\t\t\t\n\t\t\t\t\n\t\t\t\t\n\t\t\t\t\t\t\t\t\t<a rel=\"noopener noreferrer nofollow\" href=\"https:\/\/www.instagram.com\/monanaturalcosmetics\/profilecard\/?igsh=MXBscmJ2empoMTBzaQ==\" target=\"_blank\" class=\"wd-social-icon social-instagram\" aria-label=\"Instagram social link\">\n\t\t\t\t\t\t<span class=\"wd-icon\"><\/span>\n\t\t\t\t\t\t\t\t\t\t\t<\/a>\n\t\t\t\t\n\t\t\t\t\n\t\t\t\t\n\t\t\t\t\n\t\t\t\t\n\t\t\t\t\n\t\t\t\t\n\t\t\t\t\n\t\t\t\t\n\t\t\t\t\n\t\t\t\t\n\t\t\t\t\n\t\t\t\t\n\t\t\t\t\n\t\t\t\t\t\t\t\t\n\t\t\t\t\t\t\t\t\n\t\t\t\t\n\t\t\t\t\n\t\t\t\t\n\t\t\t\t\t\t\t\t\n\t\t\t\t\n\t\t\t<\/div>\n\n\t\t\t\t\t\t<\/div>\n\t\t\t\t<\/div>\n\t\t\t\t<\/div>\n\t\t\t\t<\/div>\n\t\t\t\t\t<\/div>\n\t\t\t\t<\/div>\n\t\t\t\t<\/div>","protected":false},"excerpt":{"rendered":"<p>\u0645\u0646 \u0646\u062d\u0646 \u0627\u0642\u0631\u0623 \u0627\u0644\u0645\u0632\u064a\u062f \u2190 \u0645\u0633\u0627\u0631 \u0627\u0644\u062e\u064a\u0631&#8230; \u0644\u0623\u0646 \u0627\u0644\u0639\u0637\u0627\u0621 \u0631\u0633\u0627\u0644\u0629 &#8220;\u0645\u0633\u0627\u0631 \u0627\u0644\u062e\u064a\u0631&#8221; \u0647\u0648 \u0645\u0634\u0631\u0648\u0639 \u0625\u0646\u0633\u0627\u0646\u064a \u0627\u0646\u0637\u0644\u0642 \u0645\u0646 \u0625\u064a\u0645\u0627\u0646\u0646\u0627 \u0627\u0644\u0639\u0645\u064a\u0642 \u0628\u0623\u0647\u0645\u064a\u0629<\/p>","protected":false},"author":1,"featured_media":0,"parent":0,"menu_order":0,"comment_status":"closed","ping_status":"closed","template":"","meta":{"footnotes":""},"class_list":["post-4400","page","type-page","status-publish","hentry"],"aioseo_notices":[],"jetpack_sharing_enabled":true,"_links":{"self":[{"href":"https:\/\/masar-alkhair.com\/tr\/wp-json\/wp\/v2\/pages\/4400","targetHints":{"allow":["GET"]}}],"collection":[{"href":"https:\/\/masar-alkhair.com\/tr\/wp-json\/wp\/v2\/pages"}],"about":[{"href":"https:\/\/masar-alkhair.com\/tr\/wp-json\/wp\/v2\/types\/page"}],"author":[{"embeddable":true,"href":"https:\/\/masar-alkhair.com\/tr\/wp-json\/wp\/v2\/users\/1"}],"replies":[{"embeddable":true,"href":"https:\/\/masar-alkhair.com\/tr\/wp-json\/wp\/v2\/comments?post=4400"}],"version-history":[{"count":61,"href":"https:\/\/masar-alkhair.com\/tr\/wp-json\/wp\/v2\/pages\/4400\/revisions"}],"predecessor-version":[{"id":16960,"href":"https:\/\/masar-alkhair.com\/tr\/wp-json\/wp\/v2\/pages\/4400\/revisions\/16960"}],"wp:attachment":[{"href":"https:\/\/masar-alkhair.com\/tr\/wp-json\/wp\/v2\/media?parent=4400"}],"curies":[{"name":"wp","href":"https:\/\/api.w.org\/{rel}","templated":true}]}}