{"id":3,"date":"2024-11-06T10:33:40","date_gmt":"2024-11-06T10:33:40","guid":{"rendered":"https:\/\/masar-alkhair.com\/?page_id=3"},"modified":"2025-04-27T08:19:54","modified_gmt":"2025-04-27T08:19:54","slug":"privacy-policy","status":"publish","type":"page","link":"https:\/\/masar-alkhair.com\/tr\/privacy-policy\/","title":{"rendered":"POLITIKALAR"},"content":{"rendered":"<h2 class=\"wp-block-heading\">Politikalar<\/h2>\n\n\n\n<p class=\" translation-block\">Masar Al-Khair olarak gizlili\u011finize sayg\u0131 duyuyor ve ki\u015fisel verilerinizi t\u00fcm sorumlulukla korumak i\u00e7in \u00e7al\u0131\u015f\u0131yoruz. Sitemizi kullan\u0131rken bize sa\u011flad\u0131\u011f\u0131n\u0131z bilgilerin gizlili\u011fini sa\u011flamay\u0131 taahh\u00fct ediyoruz ve bu politika arac\u0131l\u0131\u011f\u0131yla bunlar\u0131 nas\u0131l toplad\u0131\u011f\u0131m\u0131z\u0131, kulland\u0131\u011f\u0131m\u0131z\u0131 ve korudu\u011fumuzu ve bununla ilgili haklar\u0131n\u0131z\u0131 a\u00e7\u0131kl\u0131yoruz.<\/p>\n\n\n\n<p class=\"has-medium-font-size\">Toplad\u0131\u011f\u0131m\u0131z Bilgiler<\/p>\n\n\n\n<ul class=\"wp-block-list\">\n<li><strong>Ki\u015fisel Bilgiler:<\/strong> Kampanyalar\u0131m\u0131za katk\u0131da bulundu\u011funuzda veya kaydoldu\u011funuzda ad\u0131n\u0131z, e-posta, telefon numaran\u0131z, adres ve \u00f6deme bilgileriniz.<\/li>\n\n\n\n<li><strong>Otomatik bilgi: <\/strong>Adres gibi veriler <strong>IP<\/strong>Kurabiye <strong>(Cookies)<\/strong> kullan\u0131c\u0131 deneyimini iyile\u015ftirmek ve site performans\u0131n\u0131 analiz etmek i\u00e7in kullan\u0131yoruz.<\/li>\n<\/ul>\n\n\n\n<p class=\"has-medium-font-size\">Bilgileri nas\u0131l kullan\u0131yoruz:<\/p>\n\n\n\n<ul class=\"wp-block-list\">\n<li>\u0130nsani destek ve yard\u0131m sa\u011flanmas\u0131n\u0131 kolayla\u015ft\u0131rmak.<\/li>\n\n\n\n<li>Katk\u0131lar\u0131n\u0131z ve gelecekteki giri\u015fimleriniz hakk\u0131nda sizinle ileti\u015fim kurmak.<\/li>\n\n\n\n<li>Kullan\u0131c\u0131 deneyimini iyile\u015ftirmek ve hizmetlerimizi ihtiya\u00e7lar\u0131n\u0131za uygun \u015fekilde geli\u015ftirmek.<\/li>\n<\/ul>\n\n\n\n<p class=\"has-medium-font-size\"><strong>Verilerinizi koruma:<\/strong><\/p>\n\n\n\n<ul class=\"wp-block-list\">\n<li>Ki\u015fisel verilerinizin korunmas\u0131n\u0131 sa\u011flamak i\u00e7in en son teknolojiyi benimsiyoruz.<\/li>\n\n\n\n<li>Bilgileriniz g\u00fcvenli sistemlerde saklan\u0131r ve b\u00fct\u00fcnl\u00fc\u011f\u00fcn\u00fc sa\u011flamak i\u00e7in yaln\u0131zca uzman ekipler taraf\u0131ndan eri\u015filir.<\/li>\n<\/ul>\n\n\n\n<p class=\"has-medium-font-size\"><strong>Bilgilerinizi Payla\u015fma:<\/strong>:<\/p>\n\n\n\n<p>Verilerinizi, yasalar\u0131n gerektirdi\u011fi veya talep etti\u011finiz hizmetlerin sa\u011flanmas\u0131n\u0131 sa\u011flamak i\u00e7in gerekli olan istisnai durumlar d\u0131\u015f\u0131nda herhangi bir \u00fc\u00e7\u00fcnc\u00fc tarafla payla\u015fmay\u0131z.<\/p>\n\n\n\n<p class=\"has-medium-font-size\">Haklar: <\/p>\n\n\n\n<ul class=\"wp-block-list\">\n<li>Ki\u015fisel verilerinizin de\u011fi\u015ftirilmesini veya silinmesini istedi\u011finiz zaman talep edebilirsiniz.<\/li>\n\n\n\n<li class=\"has-small-font-size\">Verilerinizin nas\u0131l kullan\u0131ld\u0131\u011f\u0131n\u0131 bilme ve Gizlilik Politikas\u0131 ile ilgili g\u00fcncellemeleri g\u00f6rme hakk\u0131na sahipsiniz.<br><br>Gizlilik Politikam\u0131z hakk\u0131nda herhangi bir sorunuz varsa, l\u00fctfen \u00e7ekinmeyin <strong>Bize Ula\u015f\u0131n<\/strong>.<br><\/li>\n<\/ul>\n\n\n\n<p><\/p>","protected":false},"excerpt":{"rendered":"<p>\u0627\u0644\u0633\u064a\u0627\u0633\u0627\u062a &#8211; \u0645\u0633\u0627\u0631 \u0627\u0644\u062e\u064a\u0631 \u0641\u064a \u0645\u0633\u0627\u0631 \u0627\u0644\u062e\u064a\u0631\u060c \u0646\u062d\u062a\u0631\u0645 \u062e\u0635\u0648\u0635\u064a\u062a\u0643 \u0648\u0646\u0639\u0645\u0644 \u0639\u0644\u0649 \u062d\u0645\u0627\u064a\u0629 \u0628\u064a\u0627\u0646\u0627\u062a\u0643 \u0627\u0644\u0634\u062e\u0635\u064a\u0629 \u0628\u0643\u0644 \u0645\u0633\u0624\u0648\u0644\u064a\u0629. \u0646\u0644\u062a\u0632\u0645 \u0628\u0636\u0645\u0627\u0646 \u0633\u0631\u064a\u0629 \u0627\u0644\u0645\u0639\u0644\u0648\u0645\u0627\u062a<\/p>","protected":false},"author":1,"featured_media":0,"parent":0,"menu_order":0,"comment_status":"closed","ping_status":"open","template":"","meta":{"footnotes":""},"class_list":["post-3","page","type-page","status-publish","hentry"],"aioseo_notices":[],"jetpack_sharing_enabled":true,"_links":{"self":[{"href":"https:\/\/masar-alkhair.com\/tr\/wp-json\/wp\/v2\/pages\/3","targetHints":{"allow":["GET"]}}],"collection":[{"href":"https:\/\/masar-alkhair.com\/tr\/wp-json\/wp\/v2\/pages"}],"about":[{"href":"https:\/\/masar-alkhair.com\/tr\/wp-json\/wp\/v2\/types\/page"}],"author":[{"embeddable":true,"href":"https:\/\/masar-alkhair.com\/tr\/wp-json\/wp\/v2\/users\/1"}],"replies":[{"embeddable":true,"href":"https:\/\/masar-alkhair.com\/tr\/wp-json\/wp\/v2\/comments?post=3"}],"version-history":[{"count":6,"href":"https:\/\/masar-alkhair.com\/tr\/wp-json\/wp\/v2\/pages\/3\/revisions"}],"predecessor-version":[{"id":16706,"href":"https:\/\/masar-alkhair.com\/tr\/wp-json\/wp\/v2\/pages\/3\/revisions\/16706"}],"wp:attachment":[{"href":"https:\/\/masar-alkhair.com\/tr\/wp-json\/wp\/v2\/media?parent=3"}],"curies":[{"name":"wp","href":"https:\/\/api.w.org\/{rel}","templated":true}]}}