{"id":16716,"date":"2025-05-02T16:04:56","date_gmt":"2025-05-02T16:04:56","guid":{"rendered":"https:\/\/masar-alkhair.com\/?page_id=16716"},"modified":"2025-08-30T16:44:15","modified_gmt":"2025-08-30T16:44:15","slug":"%d8%b3%d9%8a%d8%a7%d8%b3%d8%a9-%d8%a7%d9%84%d8%ae%d8%b5%d9%88%d8%b5%d9%8a%d8%a9","status":"publish","type":"page","link":"https:\/\/masar-alkhair.com\/tr\/%d8%b3%d9%8a%d8%a7%d8%b3%d8%a9-%d8%a7%d9%84%d8%ae%d8%b5%d9%88%d8%b5%d9%8a%d8%a9\/","title":{"rendered":"Gizlilik Politikas\u0131"},"content":{"rendered":"<div data-elementor-type=\"wp-page\" data-elementor-id=\"16716\" class=\"elementor elementor-16716\" data-elementor-post-type=\"page\">\n\t\t\t\t<div class=\"wd-negative-gap elementor-element elementor-element-63a5081d e-flex e-con-boxed e-con e-parent\" data-id=\"63a5081d\" data-element_type=\"container\" data-e-type=\"container\">\n\t\t\t\t\t<div class=\"e-con-inner\">\n\t\t\t\t<div class=\"elementor-element elementor-element-df830d0 color-scheme-inherit text-left elementor-widget elementor-widget-text-editor\" data-id=\"df830d0\" data-element_type=\"widget\" data-e-type=\"widget\" data-widget_type=\"text-editor.default\">\n\t\t\t\t<div class=\"elementor-widget-container\">\n\t\t\t\t\t<style>.elementor-element-df830d0{display:none !important}<\/style>\t\t\t\t<\/div>\n\t\t\t\t<\/div>\n\t\t\t\t<div class=\"elementor-element elementor-element-3c315db text-right color-scheme-inherit elementor-widget elementor-widget-text-editor\" data-id=\"3c315db\" data-element_type=\"widget\" data-e-type=\"widget\" data-widget_type=\"text-editor.default\">\n\t\t\t\t<div class=\"elementor-widget-container\">\n\t\t\t\t\t<style>.elementor-element-3c315db{display:none !important}<\/style>\t\t\t\t<\/div>\n\t\t\t\t<\/div>\n\t\t\t\t<div class=\"elementor-element elementor-element-8d02b23 text-right color-scheme-inherit elementor-widget elementor-widget-text-editor\" data-id=\"8d02b23\" data-element_type=\"widget\" data-e-type=\"widget\" data-widget_type=\"text-editor.default\">\n\t\t\t\t<div class=\"elementor-widget-container\">\n\t\t\t\t\t\t\t\t\t\n<p class=\"\" data-start=\"2407\" data-end=\"2742\"><em data-start=\"2407\" data-end=\"2423\">Masar Al-Khair<\/em> olarak gizlili\u011finize sayg\u0131 duyuyor ve ki\u015fisel verilerinizi en y\u00fcksek g\u00fcvenlik ve \u015feffafl\u0131kla i\u015fleme konusunda kararl\u0131y\u0131z. Bu politika, bilgilerinizin nas\u0131l topland\u0131\u011f\u0131n\u0131, kullan\u0131ld\u0131\u011f\u0131n\u0131 ve payla\u015f\u0131ld\u0131\u011f\u0131n\u0131 a\u00e7\u0131klamakta ve web sitemizi ziyaret eden veya kullanan herkesin gizlili\u011fini koruma taahh\u00fcd\u00fcm\u00fcz\u00fc ortaya koymaktad\u0131r.<\/p>\n<p class=\"\" data-start=\"2744\" data-end=\"2772\"><strong data-start=\"2744\" data-end=\"2772\">1. Toplad\u0131\u011f\u0131m\u0131z Bilgiler<\/strong><\/p>\n<p class=\"\" data-start=\"2774\" data-end=\"2855\"><em data-start=\"2774\" data-end=\"2790\">Masar Al-Khair<\/em> web sitesini kulland\u0131\u011f\u0131n\u0131zda a\u015fa\u011f\u0131daki bilgileri toplayabiliriz:<\/p>\n<ul data-start=\"2857\" data-end=\"3105\">\n<li class=\"\" data-start=\"2857\" data-end=\"2867\">\n<p class=\"\" data-start=\"2859\" data-end=\"2867\">Tam ad<\/p>\n<\/li>\n<li class=\"\" data-start=\"2868\" data-end=\"2886\">\n<p class=\"\" data-start=\"2870\" data-end=\"2886\">E-posta adresi<\/p>\n<\/li>\n<li class=\"\" data-start=\"2887\" data-end=\"2907\">\n<p class=\"\" data-start=\"2889\" data-end=\"2907\">Telefon numaras\u0131<\/p>\n<\/li>\n<li class=\"\" data-start=\"2908\" data-end=\"2966\">\n<p class=\"\" data-start=\"2910\" data-end=\"2966\">\u00d6deme veya havale bilgileri (ba\u011f\u0131\u015f yapman\u0131z durumunda)<\/p>\n<\/li>\n<li class=\"\" data-start=\"2967\" data-end=\"3014\">\n<p class=\"\" data-start=\"2969\" data-end=\"3014\">IP adresi, cihaz bilgileri ve taray\u0131c\u0131 t\u00fcr\u00fc<\/p>\n<\/li>\n<li class=\"\" data-start=\"3015\" data-end=\"3105\">\n<p class=\"\" data-start=\"3017\" data-end=\"3105\">Form doldurdu\u011funuzda veya kampanyalar\u0131m\u0131za kay\u0131t oldu\u011funuzda g\u00f6nderdi\u011finiz di\u011fer veriler<\/p>\n<\/li>\n<\/ul>\n<p class=\"\" data-start=\"3107\" data-end=\"3142\"><strong data-start=\"3107\" data-end=\"3142\">2. Bilgileri Nas\u0131l Kullan\u0131yoruz<\/strong><\/p>\n<p class=\"\" data-start=\"3144\" data-end=\"3193\">Toplad\u0131\u011f\u0131m\u0131z bilgileri \u015fu ama\u00e7larla kullan\u0131yoruz:<\/p>\n<ul data-start=\"3195\" data-end=\"3516\">\n<li class=\"\" data-start=\"3195\" data-end=\"3260\">\n<p class=\"\" data-start=\"3197\" data-end=\"3260\">Ba\u011f\u0131\u015flar\u0131 g\u00fcvenli bir \u015fekilde i\u015flemek ve teslimat\u0131 do\u011frulamak<\/p>\n<\/li>\n<li class=\"\" data-start=\"3261\" data-end=\"3323\">\n<p class=\"\" data-start=\"3263\" data-end=\"3323\">Ba\u011f\u0131\u015flar\u0131n\u0131zla ilgili makbuzlar ve g\u00fcncellemeler g\u00f6ndermek<\/p>\n<\/li>\n<li class=\"\" data-start=\"3324\" data-end=\"3365\">\n<p class=\"\" data-start=\"3326\" data-end=\"3365\">Gerekti\u011finde sizinle ileti\u015fime ge\u00e7mek<\/p>\n<\/li>\n<li class=\"\" data-start=\"3366\" data-end=\"3436\">\n<p class=\"\" data-start=\"3368\" data-end=\"3436\">Web sitesi deneyiminizi geli\u015ftirmek ve hizmetlerimizi iyile\u015ftirmek<\/p>\n<\/li>\n<li class=\"\" data-start=\"3437\" data-end=\"3516\">\n<p class=\"\" data-start=\"3439\" data-end=\"3516\">Ba\u011f\u0131\u015f\u0131n\u0131z\u0131n etkisine dair haberleri ve raporlar\u0131 sizin onay\u0131n\u0131zla payla\u015fmak<\/p>\n<\/li>\n<\/ul>\n<p class=\"\" data-start=\"3518\" data-end=\"3536\"><strong data-start=\"3518\" data-end=\"3536\">3. Veri Koruma<\/strong><\/p>\n<p class=\"\" data-start=\"3538\" data-end=\"3896\">Yetkisiz eri\u015fim, kullan\u0131m, de\u011fi\u015fiklik veya if\u015fay\u0131 \u00f6nlemek amac\u0131yla en g\u00fcncel teknik ve idari y\u00f6ntemleri kullanarak verilerinizi g\u00fcvence alt\u0131na al\u0131yoruz. Ki\u015fisel bilgilerinizi sizin izniniz olmadan \u00fc\u00e7\u00fcnc\u00fc taraflarla payla\u015fm\u0131yor veya satm\u0131yoruz; yaln\u0131zca yard\u0131mlar\u0131 uygulayan ortaklarla veya yasal olarak gerekli g\u00f6r\u00fclen durumlarda yasal mercilerle payla\u015f\u0131l\u0131r.<\/p>\n<p class=\"\" data-start=\"3898\" data-end=\"3920\"><strong data-start=\"3898\" data-end=\"3920\">4. Bilgi Payla\u015f\u0131m\u0131<\/strong><\/p>\n<p class=\"\" data-start=\"3922\" data-end=\"3973\">Baz\u0131 bilgileri a\u015fa\u011f\u0131daki taraflarla payla\u015fabiliriz:<\/p>\n<ul data-start=\"3975\" data-end=\"4202\">\n<li class=\"\" data-start=\"3975\" data-end=\"4065\">\n<p class=\"\" data-start=\"3977\" data-end=\"4065\">Katk\u0131lar\u0131n\u0131z\u0131n do\u011fru \u015fekilde ula\u015ft\u0131r\u0131lmas\u0131n\u0131 sa\u011flamak i\u00e7in saha da\u011f\u0131t\u0131m ortaklar\u0131m\u0131zla<\/p>\n<\/li>\n<li class=\"\" data-start=\"4066\" data-end=\"4134\">\n<p class=\"\" data-start=\"4068\" data-end=\"4134\">G\u00fcvenli ve \u015fifrelenmi\u015f elektronik \u00f6deme hizmeti sa\u011flay\u0131c\u0131lar\u0131yla<\/p>\n<\/li>\n<li class=\"\" data-start=\"4135\" data-end=\"4202\">\n<p class=\"\" data-start=\"4137\" data-end=\"4202\">Yaln\u0131zca yasal bir y\u00fck\u00fcml\u00fcl\u00fck olmas\u0131 durumunda yasal mercilerle<\/p>\n<\/li>\n<\/ul>\n<p class=\"\" data-start=\"4204\" data-end=\"4229\"><strong data-start=\"4204\" data-end=\"4229\">5. \u00c7erezler (Cookies)<\/strong><\/p>\n<p class=\"\" data-start=\"4231\" data-end=\"4478\">Web sitemiz, gezinme deneyimini geli\u015ftirmek ve kullan\u0131c\u0131 ihtiya\u00e7lar\u0131n\u0131 daha iyi anlamam\u0131za yard\u0131mc\u0131 olacak istatistiksel veriler toplamak i\u00e7in \u00e7erezleri kullan\u0131r. Taray\u0131c\u0131 ayarlar\u0131n\u0131z arac\u0131l\u0131\u011f\u0131yla \u00e7erezleri istedi\u011finiz zaman kontrol edebilirsiniz.<\/p>\n<p class=\"\" data-start=\"4480\" data-end=\"4497\"><strong data-start=\"4480\" data-end=\"4497\">6. Haklar\u0131n\u0131z<\/strong><\/p>\n<p class=\"\" data-start=\"4499\" data-end=\"4528\">A\u015fa\u011f\u0131daki haklara sahipsiniz:<\/p>\n<ul data-start=\"4530\" data-end=\"4697\">\n<li class=\"\" data-start=\"4530\" data-end=\"4582\">\n<p class=\"\" data-start=\"4532\" data-end=\"4582\">Hakk\u0131n\u0131zda hangi bilgilerin sakland\u0131\u011f\u0131n\u0131 \u00f6\u011frenme<\/p>\n<\/li>\n<li class=\"\" data-start=\"4583\" data-end=\"4647\">\n<p class=\"\" data-start=\"4585\" data-end=\"4647\">Ki\u015fisel verilerinizi de\u011fi\u015ftirme veya silme talebinde bulunma<\/p>\n<\/li>\n<li class=\"\" data-start=\"4648\" data-end=\"4697\">\n<p class=\"\" data-start=\"4650\" data-end=\"4697\">E-posta listelerinden istedi\u011finiz zaman \u00e7\u0131kma<\/p>\n<\/li>\n<\/ul>\n<p class=\"\" data-start=\"4699\" data-end=\"4744\"><strong data-start=\"4699\" data-end=\"4744\">7. Gizlilik Politikas\u0131ndaki G\u00fcncellemeler<\/strong><\/p>\n<p class=\"\" data-start=\"4746\" data-end=\"4915\">Yasal veya operasyonel de\u011fi\u015fikliklere ba\u011fl\u0131 olarak bu politika zaman zaman g\u00fcncellenebilir. Her g\u00fcncelleme bu sayfada yay\u0131mlan\u0131r ve \u201cSon G\u00fcncelleme\u201d tarihi de\u011fi\u015ftirilir.<\/p>\n\t\t\t\t\t\t\t\t<\/div>\n\t\t\t\t<\/div>\n\t\t\t\t\t<\/div>\n\t\t\t\t<\/div>\n\t\t\t\t<\/div>","protected":false},"excerpt":{"rendered":"<p>\u0645\u0633\u0627\u0631 \u0627\u0644\u062e\u064a\u0631 \u0641\u064a &#8220;\u0645\u0633\u0627\u0631 \u0627\u0644\u062e\u064a\u0631&#8220;\u060c \u0646\u062d\u062a\u0631\u0645 \u062e\u0635\u0648\u0635\u064a\u062a\u0643 \u0648\u0646\u062a\u0639\u0627\u0645\u0644 \u0645\u0639 \u0628\u064a\u0627\u0646\u0627\u062a\u0643 \u0627\u0644\u0634\u062e\u0635\u064a\u0629 \u0628\u0623\u0639\u0644\u0649 \u062f\u0631\u062c\u0627\u062a \u0627\u0644\u0623\u0645\u0627\u0646 \u0648\u0627\u0644\u0634\u0641\u0627\u0641\u064a\u0629. \u062a\u0645 \u0625\u0639\u062f\u0627\u062f \u0647\u0630\u0647 \u0627\u0644\u0633\u064a\u0627\u0633\u0629 \u0644\u062a\u0648\u0636\u064a\u062d<\/p>","protected":false},"author":1,"featured_media":0,"parent":0,"menu_order":0,"comment_status":"closed","ping_status":"closed","template":"","meta":{"footnotes":""},"class_list":["post-16716","page","type-page","status-publish","hentry"],"aioseo_notices":[],"jetpack_sharing_enabled":true,"_links":{"self":[{"href":"https:\/\/masar-alkhair.com\/tr\/wp-json\/wp\/v2\/pages\/16716","targetHints":{"allow":["GET"]}}],"collection":[{"href":"https:\/\/masar-alkhair.com\/tr\/wp-json\/wp\/v2\/pages"}],"about":[{"href":"https:\/\/masar-alkhair.com\/tr\/wp-json\/wp\/v2\/types\/page"}],"author":[{"embeddable":true,"href":"https:\/\/masar-alkhair.com\/tr\/wp-json\/wp\/v2\/users\/1"}],"replies":[{"embeddable":true,"href":"https:\/\/masar-alkhair.com\/tr\/wp-json\/wp\/v2\/comments?post=16716"}],"version-history":[{"count":19,"href":"https:\/\/masar-alkhair.com\/tr\/wp-json\/wp\/v2\/pages\/16716\/revisions"}],"predecessor-version":[{"id":16967,"href":"https:\/\/masar-alkhair.com\/tr\/wp-json\/wp\/v2\/pages\/16716\/revisions\/16967"}],"wp:attachment":[{"href":"https:\/\/masar-alkhair.com\/tr\/wp-json\/wp\/v2\/media?parent=16716"}],"curies":[{"name":"wp","href":"https:\/\/api.w.org\/{rel}","templated":true}]}}