{"id":16342,"date":"2024-11-21T14:15:46","date_gmt":"2024-11-21T14:15:46","guid":{"rendered":"https:\/\/masar-alkhair.com\/?page_id=16342"},"modified":"2025-08-26T17:01:00","modified_gmt":"2025-08-26T17:01:00","slug":"%d8%a7%d9%84%d8%b4%d8%b1%d9%88%d8%b7-%d9%88%d8%a7%d9%84%d8%a3%d8%ad%d9%83%d8%a7%d9%85","status":"publish","type":"page","link":"https:\/\/masar-alkhair.com\/tr\/%d8%a7%d9%84%d8%b4%d8%b1%d9%88%d8%b7-%d9%88%d8%a7%d9%84%d8%a3%d8%ad%d9%83%d8%a7%d9%85\/","title":{"rendered":"\u015eartlar ve Ko\u015fullar"},"content":{"rendered":"<p>\u0645\u0631\u062d\u0628\u064b\u0627 \u0628\u0643 \u0641\u064a <strong>&#8220;<a href=\"https:\/\/masar-alkhair.com\/\" title=\"masar alkhair\">masar alkhair<\/a>&#8220;<\/strong>. \u0645\u0646 \u062e\u0644\u0627\u0644 \u0627\u0633\u062a\u062e\u062f\u0627\u0645\u0643 \u0644\u0647\u0630\u0627 \u0627\u0644\u0645\u0648\u0642\u0639\u060c \u0641\u0625\u0646\u0643 \u062a\u0648\u0627\u0641\u0642 \u0639\u0644\u0649 \u0627\u0644\u0627\u0644\u062a\u0632\u0627\u0645 \u0628\u0627\u0644\u0634\u0631\u0648\u0637 \u0648\u0627\u0644\u0623\u062d\u0643\u0627\u0645 \u0627\u0644\u062a\u0627\u0644\u064a\u0629\u060c \u0648\u0627\u0644\u062a\u064a \u062a\u062d\u062f\u062f \u0627\u0644\u0627\u0633\u062a\u062e\u062f\u0627\u0645 \u0627\u0644\u0645\u0633\u0645\u0648\u062d \u0628\u0647 \u0644\u0644\u0645\u0648\u0642\u0639\u060c \u0628\u0627\u0644\u0625\u0636\u0627\u0641\u0629 \u0625\u0644\u0649 \u0627\u0644\u0642\u0648\u0627\u0646\u064a\u0646 \u0648\u0627\u0644\u0644\u0648\u0627\u0626\u062d \u0627\u0644\u062a\u064a \u062a\u062d\u0643\u0645 \u062a\u0641\u0627\u0639\u0644\u0643 \u0645\u0639\u0646\u0627.<\/p>\n\n\n\n<p class=\"has-medium-font-size\"><strong>1. Kampanyalara katk\u0131lar ve kat\u0131l\u0131m<\/strong><\/p>\n\n\n\n<p class=\" translation-block\">\u2022 Site arac\u0131l\u0131\u011f\u0131yla yap\u0131lan t\u00fcm katk\u0131lar g\u00f6n\u00fcll\u00fcl\u00fck esas\u0131na dayal\u0131d\u0131r ve Gazze halk\u0131n\u0131 desteklemeyi ama\u00e7lamaktad\u0131r.<\/p>\n\n\n\n<p>\u2022 Katk\u0131 s\u00fcrecinde verdi\u011finiz t\u00fcm bilgilerin, i\u015flemlerin verimli bir \u015fekilde y\u00fcr\u00fct\u00fclmesini sa\u011flamak i\u00e7in do\u011fru ve eksiksiz olmas\u0131 gerekmektedir.<\/p>\n\n\n\n<p class=\"has-medium-font-size\"><strong>2. Fikri M\u00fclkiyet Haklar\u0131<\/strong><\/p>\n\n\n\n<p class=\" translation-block\">\u2022 Metin, resimler, logolar ve tasar\u0131mlar dahil olmak \u00fczere Sitede bulunan t\u00fcm i\u00e7erik, Masar Al Khair'in m\u00fcnhas\u0131r m\u00fclkiyetindedir<\/p>\n\n\n\n<p>\u2022 \u00d6nceden yaz\u0131l\u0131 izin al\u0131nmadan bu materyallerin herhangi birinin kopyalanmas\u0131na veya kullan\u0131lmas\u0131na izin verilmez.<\/p>\n\n\n\n<p class=\"has-medium-font-size\"><strong>3. Yasal Y\u00fck\u00fcml\u00fcl\u00fckler<\/strong><\/p>\n\n\n\n<p class=\" translation-block\">\u2022 Masar Al-Khair, yard\u0131m\u0131n ula\u015ft\u0131r\u0131lmas\u0131ndaki herhangi bir gecikmeden veya b\u00f6lgedeki lojistik veya g\u00fcvenlik ko\u015fullar\u0131ndan kaynaklanan herhangi bir zarardan sorumlu de\u011fildir.<\/p>\n\n\n\n<p class=\" translation-block\">\u2022 T\u00fcm kullan\u0131c\u0131lar siteyi kullan\u0131rken t\u00fcm yerel ve uluslararas\u0131 yasalara uymak zorundad\u0131r.<\/p>\n\n\n\n<p>\u2022 Siteyi kullanmaya devam etmeniz, bunlar\u0131 tamamen kabul etti\u011finiz anlam\u0131na geldi\u011finden, l\u00fctfen bu Ko\u015fullar\u0131 dikkatlice okuyun. Herhangi bir sorunuz varsa, l\u00fctfen bizimle ileti\u015fime ge\u00e7mekten \u00e7ekinmeyin.<\/p>","protected":false},"excerpt":{"rendered":"<p>\u0645\u0631\u062d\u0628\u064b\u0627 \u0628\u0643 \u0641\u064a &#8220;\u0645\u0633\u0627\u0631 \u0627\u0644\u062e\u064a\u0631&#8220;. \u0645\u0646 \u062e\u0644\u0627\u0644 \u0627\u0633\u062a\u062e\u062f\u0627\u0645\u0643 \u0644\u0647\u0630\u0627 \u0627\u0644\u0645\u0648\u0642\u0639\u060c \u0641\u0625\u0646\u0643 \u062a\u0648\u0627\u0641\u0642 \u0639\u0644\u0649 \u0627\u0644\u0627\u0644\u062a\u0632\u0627\u0645 \u0628\u0627\u0644\u0634\u0631\u0648\u0637 \u0648\u0627\u0644\u0623\u062d\u0643\u0627\u0645 \u0627\u0644\u062a\u0627\u0644\u064a\u0629\u060c \u0648\u0627\u0644\u062a\u064a \u062a\u062d\u062f\u062f \u0627\u0644\u0627\u0633\u062a\u062e\u062f\u0627\u0645<\/p>","protected":false},"author":2,"featured_media":0,"parent":0,"menu_order":0,"comment_status":"closed","ping_status":"closed","template":"","meta":{"footnotes":""},"class_list":["post-16342","page","type-page","status-publish","hentry"],"aioseo_notices":[],"jetpack_sharing_enabled":true,"_links":{"self":[{"href":"https:\/\/masar-alkhair.com\/tr\/wp-json\/wp\/v2\/pages\/16342","targetHints":{"allow":["GET"]}}],"collection":[{"href":"https:\/\/masar-alkhair.com\/tr\/wp-json\/wp\/v2\/pages"}],"about":[{"href":"https:\/\/masar-alkhair.com\/tr\/wp-json\/wp\/v2\/types\/page"}],"author":[{"embeddable":true,"href":"https:\/\/masar-alkhair.com\/tr\/wp-json\/wp\/v2\/users\/2"}],"replies":[{"embeddable":true,"href":"https:\/\/masar-alkhair.com\/tr\/wp-json\/wp\/v2\/comments?post=16342"}],"version-history":[{"count":3,"href":"https:\/\/masar-alkhair.com\/tr\/wp-json\/wp\/v2\/pages\/16342\/revisions"}],"predecessor-version":[{"id":16923,"href":"https:\/\/masar-alkhair.com\/tr\/wp-json\/wp\/v2\/pages\/16342\/revisions\/16923"}],"wp:attachment":[{"href":"https:\/\/masar-alkhair.com\/tr\/wp-json\/wp\/v2\/media?parent=16342"}],"curies":[{"name":"wp","href":"https:\/\/api.w.org\/{rel}","templated":true}]}}