{"id":16339,"date":"2024-11-21T14:15:21","date_gmt":"2024-11-21T14:15:21","guid":{"rendered":"https:\/\/masar-alkhair.com\/?page_id=16339"},"modified":"2025-08-30T15:51:30","modified_gmt":"2025-08-30T15:51:30","slug":"%d8%b3%d9%8a%d8%a7%d8%b3%d8%a9-%d8%a7%d9%84%d8%b4%d8%ad%d9%86","status":"publish","type":"page","link":"https:\/\/masar-alkhair.com\/tr\/%d8%b3%d9%8a%d8%a7%d8%b3%d8%a9-%d8%a7%d9%84%d8%b4%d8%ad%d9%86\/","title":{"rendered":"Nakliye ve Teslimat Politikas\u0131"},"content":{"rendered":"<div data-elementor-type=\"wp-page\" data-elementor-id=\"16339\" class=\"elementor elementor-16339\" data-elementor-post-type=\"page\">\n\t\t\t\t<div class=\"wd-negative-gap elementor-element elementor-element-43d6cda9 e-flex e-con-boxed e-con e-parent\" data-id=\"43d6cda9\" data-element_type=\"container\" data-e-type=\"container\">\n\t\t\t\t\t<div class=\"e-con-inner\">\n\t\t\t\t<div class=\"elementor-element elementor-element-6365db0c color-scheme-inherit text-left elementor-widget elementor-widget-text-editor\" data-id=\"6365db0c\" data-element_type=\"widget\" data-e-type=\"widget\" data-widget_type=\"text-editor.default\">\n\t\t\t\t<div class=\"elementor-widget-container\">\n\t\t\t\t\t\t\t\t\t\n<p data-start=\"204\" data-end=\"382\">i\u00e7inde <a href=\"https:\/\/masar-alkhair.com\/\">masar alkhair<\/a>\u060c \u0646\u0644\u062a\u0632\u0645 \u0628\u0625\u064a\u0635\u0627\u0644 \u0627\u0644\u0645\u0633\u0627\u0639\u062f\u0627\u062a \u0627\u0644\u063a\u0630\u0627\u0626\u064a\u0629 \u0648\u0627\u0644\u0645\u064a\u0627\u0647 \u0625\u0644\u0649 \u0623\u0647\u0644\u0646\u0627 \u0641\u064a \u063a\u0632\u0629 \u0628\u0623\u0645\u0627\u0646 \u0648\u0633\u0631\u0639\u0629. \u0646\u0646\u0633\u0642 \u0645\u0639 \u0627\u0644\u0647\u064a\u0626\u0629 \u0627\u0644\u062e\u064a\u0631\u064a\u0629 \u0627\u0644\u0647\u0627\u0634\u0645\u064a\u0629 \u0644\u0636\u0645\u0627\u0646 \u0639\u0628\u0648\u0631 \u0627\u0644\u0634\u062d\u0646\u0627\u062a \u0639\u0628\u0631 \u0627\u0644\u0645\u0639\u0627\u0628\u0631 \u0627\u0644\u062d\u062f\u0648\u062f\u064a\u0629 \u0641\u064a \u0627\u0644\u0623\u0631\u062f\u0646 \u0628\u0643\u0641\u0627\u0621\u0629.<\/p>\n\n<p class=\"has-medium-font-size\"><strong>G\u00f6nderim Detaylar\u0131:<\/strong><\/p>\n\n<p class=\" translation-block\">\u2022 Nakliye y\u00f6ntemleri: Yard\u0131mlar, resmi s\u0131n\u0131r ge\u00e7i\u015fleri \u00fczerinden Ha\u015fimi Yard\u0131m Kurulu\u015fu taraf\u0131ndan onaylanan kamyonlarla ta\u015f\u0131n\u0131r<\/p>\n\n<p class=\" translation-block\">\u2022 G\u00f6nderim s\u00fcresi: Yard\u0131m var\u0131\u015f s\u00fcreleri lojistik ve g\u00fcvenlik ko\u015fullar\u0131na g\u00f6re de\u011fi\u015fiklik g\u00f6sterebilir.<\/p>\n\n<p class=\" translation-block\">\u2022 Zorluklar: G\u00f6nderilerde siyasi veya g\u00fcvenlik ko\u015fullar\u0131 nedeniyle gecikmeler ya\u015fanabilir, ancak deste\u011fin s\u00fcreklili\u011fini sa\u011flamak i\u00e7in bunlar\u0131n \u00fcstesinden gelmek i\u00e7in \u00e7al\u0131\u015f\u0131yoruz.<\/p>\n\n<p class=\"has-medium-font-size\"><strong>Bizim<\/strong><\/p>\n\n<p>Yard\u0131mlar\u0131n hak edenlere g\u00fcvenli ve verimli bir \u015fekilde ula\u015fmas\u0131n\u0131 sa\u011flamak i\u00e7in nakliye ve koordinasyon mekanizmalar\u0131n\u0131 iyile\u015ftirme \u00e7abalar\u0131m\u0131z\u0131 s\u00fcrd\u00fcr\u00fcyoruz \u00e7\u00fcnk\u00fc her \u00f6\u011f\u00fcn ve her doz su, ihtiyac\u0131 olanlar\u0131n hayatlar\u0131nda bir fark yarat\u0131yor.<\/p>\n\n<p>\u00a0<\/p>\n\t\t\t\t\t\t\t\t<\/div>\n\t\t\t\t<\/div>\n\t\t\t\t\t<\/div>\n\t\t\t\t<\/div>\n\t\t\t\t<\/div>","protected":false},"excerpt":{"rendered":"<p>\u0641\u064a \u0645\u0633\u0627\u0631 \u0627\u0644\u062e\u064a\u0631\u060c \u0646\u0644\u062a\u0632\u0645 \u0628\u0625\u064a\u0635\u0627\u0644 \u0627\u0644\u0645\u0633\u0627\u0639\u062f\u0627\u062a \u0627\u0644\u063a\u0630\u0627\u0626\u064a\u0629 \u0648\u0627\u0644\u0645\u064a\u0627\u0647 \u0625\u0644\u0649 \u0623\u0647\u0644\u0646\u0627 \u0641\u064a \u063a\u0632\u0629 \u0628\u0623\u0645\u0627\u0646 \u0648\u0633\u0631\u0639\u0629. \u0646\u0646\u0633\u0642 \u0645\u0639 \u0627\u0644\u0647\u064a\u0626\u0629 \u0627\u0644\u062e\u064a\u0631\u064a\u0629 \u0627\u0644\u0647\u0627\u0634\u0645\u064a\u0629 \u0644\u0636\u0645\u0627\u0646<\/p>","protected":false},"author":2,"featured_media":0,"parent":0,"menu_order":0,"comment_status":"closed","ping_status":"closed","template":"","meta":{"footnotes":""},"class_list":["post-16339","page","type-page","status-publish","hentry"],"aioseo_notices":[],"jetpack_sharing_enabled":true,"_links":{"self":[{"href":"https:\/\/masar-alkhair.com\/tr\/wp-json\/wp\/v2\/pages\/16339","targetHints":{"allow":["GET"]}}],"collection":[{"href":"https:\/\/masar-alkhair.com\/tr\/wp-json\/wp\/v2\/pages"}],"about":[{"href":"https:\/\/masar-alkhair.com\/tr\/wp-json\/wp\/v2\/types\/page"}],"author":[{"embeddable":true,"href":"https:\/\/masar-alkhair.com\/tr\/wp-json\/wp\/v2\/users\/2"}],"replies":[{"embeddable":true,"href":"https:\/\/masar-alkhair.com\/tr\/wp-json\/wp\/v2\/comments?post=16339"}],"version-history":[{"count":16,"href":"https:\/\/masar-alkhair.com\/tr\/wp-json\/wp\/v2\/pages\/16339\/revisions"}],"predecessor-version":[{"id":16947,"href":"https:\/\/masar-alkhair.com\/tr\/wp-json\/wp\/v2\/pages\/16339\/revisions\/16947"}],"wp:attachment":[{"href":"https:\/\/masar-alkhair.com\/tr\/wp-json\/wp\/v2\/media?parent=16339"}],"curies":[{"name":"wp","href":"https:\/\/api.w.org\/{rel}","templated":true}]}}