{"id":16336,"date":"2024-11-21T14:14:53","date_gmt":"2024-11-21T14:14:53","guid":{"rendered":"https:\/\/masar-alkhair.com\/?page_id=16336"},"modified":"2025-08-26T16:48:50","modified_gmt":"2025-08-26T16:48:50","slug":"%d8%b3%d9%8a%d8%a7%d8%b3%d8%a9-%d8%a7%d9%84%d8%a5%d9%84%d8%ba%d8%a7%d8%a1","status":"publish","type":"page","link":"https:\/\/masar-alkhair.com\/tr\/%d8%b3%d9%8a%d8%a7%d8%b3%d8%a9-%d8%a7%d9%84%d8%a5%d9%84%d8%ba%d8%a7%d8%a1\/","title":{"rendered":"Katk\u0131 \u0130ptal Politikas\u0131"},"content":{"rendered":"<p class=\" translation-block\">uygulama mekanizmalar\u0131n\u0131 Gazze'deki ger\u00e7eklere g\u00f6re de\u011fi\u015ftirme hakk\u0131m\u0131z var, \u00e7\u00fcnk\u00fc toplanan t\u00fcm mali kaynaklar derhal Gazze \u015eeridi'ndeki ihtiya\u00e7 sahibi aileleri desteklemek i\u00e7in kullan\u0131l\u0131yor.<\/p>\n\n\n\n<p class=\"has-medium-font-size\"><strong>Notlar:<\/strong><\/p>\n\n\n\n<p class=\" translation-block\">\u2022 T\u00fcm katk\u0131lar nihaidir ve geri al\u0131namaz<\/p>\n\n\n\n<p>\u2022 Deste\u011finiz ve g\u00fcveniniz i\u00e7in te\u015fekk\u00fcr ederiz ve ihtiyac\u0131 olanlara hizmet etmek i\u00e7in t\u00fcm katk\u0131lar\u0131 en \u00fcst d\u00fczeyde verimlilik ve \u015feffafl\u0131kla y\u00f6nlendirme taahh\u00fcd\u00fcm\u00fcz\u00fc teyit ederiz<\/p>\n\n\n\n<p>\u2022  Gazze'deki halk\u0131m\u0131za g\u00f6sterdi\u011finiz anlay\u0131\u015f ve s\u00fcrekli deste\u011finiz i\u00e7in te\u015fekk\u00fcr ederiz<\/p>\n\n\n\n<p><\/p>","protected":false},"excerpt":{"rendered":"<p>\u0641\u064a \u0645\u0633\u0627\u0631 \u0627\u0644\u062e\u064a\u0631\u060c \u0644\u0646\u0627 \u0627\u0644\u062d\u0642 \u0641\u064a \u0627\u0644\u062a\u0639\u062f\u064a\u0644 \u0639\u0644\u0649 \u0622\u0644\u064a\u0627\u062a \u0627\u0644\u062a\u0646\u0641\u064a\u0630 \u0648\u0630\u0644\u0643 \u0639\u0644\u0649 \u062d\u0633\u0628 \u0627\u0644\u0645\u0639\u0637\u064a\u0627\u062a \u0639\u0644\u0649 \u0627\u0631\u0636 \u0627\u0644\u0648\u0627\u0642\u0639 \u062f\u0627\u062e\u0644 \u063a\u0632\u0629 \u060c<\/p>","protected":false},"author":2,"featured_media":0,"parent":0,"menu_order":0,"comment_status":"closed","ping_status":"closed","template":"","meta":{"footnotes":""},"class_list":["post-16336","page","type-page","status-publish","hentry"],"aioseo_notices":[],"jetpack_sharing_enabled":true,"_links":{"self":[{"href":"https:\/\/masar-alkhair.com\/tr\/wp-json\/wp\/v2\/pages\/16336","targetHints":{"allow":["GET"]}}],"collection":[{"href":"https:\/\/masar-alkhair.com\/tr\/wp-json\/wp\/v2\/pages"}],"about":[{"href":"https:\/\/masar-alkhair.com\/tr\/wp-json\/wp\/v2\/types\/page"}],"author":[{"embeddable":true,"href":"https:\/\/masar-alkhair.com\/tr\/wp-json\/wp\/v2\/users\/2"}],"replies":[{"embeddable":true,"href":"https:\/\/masar-alkhair.com\/tr\/wp-json\/wp\/v2\/comments?post=16336"}],"version-history":[{"count":5,"href":"https:\/\/masar-alkhair.com\/tr\/wp-json\/wp\/v2\/pages\/16336\/revisions"}],"predecessor-version":[{"id":16918,"href":"https:\/\/masar-alkhair.com\/tr\/wp-json\/wp\/v2\/pages\/16336\/revisions\/16918"}],"wp:attachment":[{"href":"https:\/\/masar-alkhair.com\/tr\/wp-json\/wp\/v2\/media?parent=16336"}],"curies":[{"name":"wp","href":"https:\/\/api.w.org\/{rel}","templated":true}]}}