{"id":16333,"date":"2024-11-21T14:14:35","date_gmt":"2024-11-21T14:14:35","guid":{"rendered":"https:\/\/masar-alkhair.com\/?page_id=16333"},"modified":"2025-08-26T16:54:00","modified_gmt":"2025-08-26T16:54:00","slug":"%d8%b3%d9%8a%d8%a7%d8%b3%d8%a9-%d8%a7%d9%84%d8%a7%d8%b3%d8%aa%d8%b1%d8%af%d8%a7%d8%af","status":"publish","type":"page","link":"https:\/\/masar-alkhair.com\/tr\/%d8%b3%d9%8a%d8%a7%d8%b3%d8%a9-%d8%a7%d9%84%d8%a7%d8%b3%d8%aa%d8%b1%d8%af%d8%a7%d8%af\/","title":{"rendered":"Katk\u0131 \u0130ade Politikas\u0131"},"content":{"rendered":"<div data-elementor-type=\"wp-page\" data-elementor-id=\"16333\" class=\"elementor elementor-16333\" data-elementor-post-type=\"page\">\n\t\t\t\t<div class=\"wd-negative-gap elementor-element elementor-element-1b75be92 e-flex e-con-boxed e-con e-parent\" data-id=\"1b75be92\" data-element_type=\"container\" data-e-type=\"container\">\n\t\t\t\t\t<div class=\"e-con-inner\">\n\t\t\t\t<div class=\"elementor-element elementor-element-622dd28b color-scheme-inherit text-left elementor-widget elementor-widget-text-editor\" data-id=\"622dd28b\" data-element_type=\"widget\" data-e-type=\"widget\" data-widget_type=\"text-editor.default\">\n\t\t\t\t<div class=\"elementor-widget-container\">\n\t\t\t\t\t\t\t\t\t\n<p class=\" translation-block\">Masar Al-Khair'in Gazze'deki insani yard\u0131m \u00e7abalar\u0131n\u0131 desteklemek i\u00e7in bir platform olarak \u00e7al\u0131\u015fmas\u0131n\u0131n do\u011fas\u0131 gere\u011fi, t\u00fcm mali katk\u0131lar nihaidir ve i\u015flem tamamland\u0131ktan sonra iade edilmez. <br><\/p>\n\n<p class=\"has-medium-font-size\"><strong>Notlar:<\/strong><\/p>\n\n<p class=\" translation-block\">\u2022 Katk\u0131lar\u0131n 0'\u00fc Gazze halk\u0131n\u0131 desteklemeye ve onlara temel ihtiya\u00e7lar\u0131 sa\u011flamaya y\u00f6neliktir.<\/p>\n\n<p>\u2022 Katk\u0131lar\u0131n\u0131z\u0131n verimli ve etkili bir \u015fekilde kullan\u0131lmas\u0131n\u0131 sa\u011flamak i\u00e7in en y\u00fcksek \u015feffafl\u0131k standartlar\u0131na ba\u011fl\u0131 kal\u0131yoruz.<\/p>\n\n<p>\u2022G\u00fcveniniz ve deste\u011finiz i\u00e7in te\u015fekk\u00fcr ediyor ve yard\u0131mlar\u0131n hak edenlere en iyi \u015fekilde ula\u015fmas\u0131n\u0131 sa\u011flamak i\u00e7in candan \u00e7al\u0131\u015f\u0131yoruz.<\/p>\n\t\t\t\t\t\t\t\t<\/div>\n\t\t\t\t<\/div>\n\t\t\t\t\t<\/div>\n\t\t\t\t<\/div>\n\t\t\t\t<\/div>","protected":false},"excerpt":{"rendered":"<p>\u0646\u0638\u0631\u064b\u0627 \u0644\u0637\u0628\u064a\u0639\u0629 \u0639\u0645\u0644 \u0645\u0633\u0627\u0631 \u0627\u0644\u062e\u064a\u0631 \u0643\u0645\u0646\u0635\u0629 \u0644\u062f\u0639\u0645 \u0627\u0644\u062c\u0647\u0648\u062f \u0627\u0644\u0625\u0646\u0633\u0627\u0646\u064a\u0629 \u0641\u064a \u063a\u0632\u0629\u060c \u0641\u0625\u0646 \u062c\u0645\u064a\u0639 \u0627\u0644\u0645\u0633\u0627\u0647\u0645\u0627\u062a \u0627\u0644\u0645\u0627\u0644\u064a\u0629 \u062a\u064f\u0639\u062a\u0628\u0631 \u0646\u0647\u0627\u0626\u064a\u0629 \u0648\u063a\u064a\u0631 \u0642\u0627\u0628\u0644\u0629 \u0644\u0644\u0627\u0633\u062a\u0631\u062f\u0627\u062f<\/p>","protected":false},"author":2,"featured_media":0,"parent":0,"menu_order":0,"comment_status":"closed","ping_status":"closed","template":"","meta":{"footnotes":""},"class_list":["post-16333","page","type-page","status-publish","hentry"],"aioseo_notices":[],"jetpack_sharing_enabled":true,"_links":{"self":[{"href":"https:\/\/masar-alkhair.com\/tr\/wp-json\/wp\/v2\/pages\/16333","targetHints":{"allow":["GET"]}}],"collection":[{"href":"https:\/\/masar-alkhair.com\/tr\/wp-json\/wp\/v2\/pages"}],"about":[{"href":"https:\/\/masar-alkhair.com\/tr\/wp-json\/wp\/v2\/types\/page"}],"author":[{"embeddable":true,"href":"https:\/\/masar-alkhair.com\/tr\/wp-json\/wp\/v2\/users\/2"}],"replies":[{"embeddable":true,"href":"https:\/\/masar-alkhair.com\/tr\/wp-json\/wp\/v2\/comments?post=16333"}],"version-history":[{"count":6,"href":"https:\/\/masar-alkhair.com\/tr\/wp-json\/wp\/v2\/pages\/16333\/revisions"}],"predecessor-version":[{"id":16921,"href":"https:\/\/masar-alkhair.com\/tr\/wp-json\/wp\/v2\/pages\/16333\/revisions\/16921"}],"wp:attachment":[{"href":"https:\/\/masar-alkhair.com\/tr\/wp-json\/wp\/v2\/media?parent=16333"}],"curies":[{"name":"wp","href":"https:\/\/api.w.org\/{rel}","templated":true}]}}